{"id":10828,"date":"2024-06-12T23:03:49","date_gmt":"2024-06-12T23:03:49","guid":{"rendered":"https:\/\/mo-mo.gr\/product\/japanese-t-shirt-tanto-chokunyu\/"},"modified":"2024-12-12T14:47:45","modified_gmt":"2024-12-12T14:47:45","slug":"japansk-t-shirt-tanto-chokunyu","status":"publish","type":"product","link":"https:\/\/mo-mo.gr\/da\/\u03c0\u03c1\u03bf\u03ca\u03cc\u03bd\u03c4\u03b1\/japanese-t-shirt-tanto-chokunyu\/","title":{"rendered":"Japansk T-shirt Tanto Chokunyu"},"content":{"rendered":"","protected":false},"excerpt":{"rendered":"<p>JAPANSK T-SHIRT TANTO CHOKUNYU \u5358\u5200\u76f4\u5165<\/p>\n<p>Udtrykket \"\u5358\u5200\u76f4\u5165\" (TANTO CHOKUNYU) er et udtryk p\u00e5 japansk, som kan overs\u00e6ttes til \"direkte og klart\" p\u00e5 gr\u00e6sk. Det bruges til at beskrive en direkte og beslutsom tilgang til noget, uden t\u00f8ven eller un\u00f8dvendige procedurer. Denne japanske t-shirt med dette udtryk kan tolkes som en indikator for selvtillid og beslutsomhed hos b\u00e6reren.<\/p>\n<p>Valget af bomuldsstof sikrer ikke kun komfort, men ogs\u00e5 holdbarhed under brug. Ideogrammerne, der er afbildet p\u00e5 bagsiden af skjorten, giver den en \u00e6stetisk og spirituel karakter, som g\u00f8r den til et i\u00f8jnefaldende stykke t\u00f8j til hver dag.<\/p>\n<p>Denne top er ideel til dem, der \u00f8nsker at skille sig ud med et stykke t\u00f8j, der viser beslutsomhed og \u00e6stetik, samtidig med at det er komfortabelt og praktisk i hverdagen.<\/p>","protected":false},"featured_media":12288,"comment_status":"open","ping_status":"open","template":"","meta":{"_gspb_post_css":""},"product_brand":[],"product_cat":[74,96],"product_tag":[],"class_list":{"0":"post-10828","1":"product","2":"type-product","3":"status-publish","4":"has-post-thumbnail","6":"product_cat-new","7":"product_cat-t-shirts","8":"pa_-101","9":"pa_-102","10":"pa_-103","11":"pa_-104","12":"pa_-large","13":"pa_-medium","14":"pa_-small","15":"pa_-xtra-large","16":"pa_-xtra-small","17":"pa_-xxl","18":"pa_-100-","19":"pa_-jersey-190g-m2","20":"pa_-97","22":"first","23":"instock","24":"taxable","25":"shipping-taxable","26":"purchasable","27":"product-type-variable"},"_links":{"self":[{"href":"https:\/\/mo-mo.gr\/da\/wp-json\/wp\/v2\/product\/10828","targetHints":{"allow":["GET"]}}],"collection":[{"href":"https:\/\/mo-mo.gr\/da\/wp-json\/wp\/v2\/product"}],"about":[{"href":"https:\/\/mo-mo.gr\/da\/wp-json\/wp\/v2\/types\/product"}],"replies":[{"embeddable":true,"href":"https:\/\/mo-mo.gr\/da\/wp-json\/wp\/v2\/comments?post=10828"}],"wp:featuredmedia":[{"embeddable":true,"href":"https:\/\/mo-mo.gr\/da\/wp-json\/wp\/v2\/media\/12288"}],"wp:attachment":[{"href":"https:\/\/mo-mo.gr\/da\/wp-json\/wp\/v2\/media?parent=10828"}],"wp:term":[{"taxonomy":"product_brand","embeddable":true,"href":"https:\/\/mo-mo.gr\/da\/wp-json\/wp\/v2\/product_brand?post=10828"},{"taxonomy":"product_cat","embeddable":true,"href":"https:\/\/mo-mo.gr\/da\/wp-json\/wp\/v2\/product_cat?post=10828"},{"taxonomy":"product_tag","embeddable":true,"href":"https:\/\/mo-mo.gr\/da\/wp-json\/wp\/v2\/product_tag?post=10828"}],"curies":[{"name":"wp","href":"https:\/\/api.w.org\/{rel}","templated":true}]}}