{"id":10795,"date":"2024-06-12T22:54:04","date_gmt":"2024-06-12T22:54:04","guid":{"rendered":"https:\/\/mo-mo.gr\/product\/japanese-t-shirt-golden-koi-fish\/"},"modified":"2024-12-12T14:47:43","modified_gmt":"2024-12-12T14:47:43","slug":"japansk-t-shirt-gylden-koi-fisk","status":"publish","type":"product","link":"https:\/\/mo-mo.gr\/da\/\u03c0\u03c1\u03bf\u03ca\u03cc\u03bd\u03c4\u03b1\/japanese-t-shirt-golden-koi-fish\/","title":{"rendered":"Japansk T-shirt Golden Koi Fish"},"content":{"rendered":"","protected":false},"excerpt":{"rendered":"<p>Japansk T-shirt Golden Koi Fish. T-shirten i sort eller hvid med en gylden koi-fisk og det japanske ord \"koi\" skrevet i ideogrammer er et sofistikeret valg til enhver velkl\u00e6dt mand og kvinde. Bomuldsstoffet giver komfort og en let fornemmelse, mens den t\u00e6tsiddende pasform smyger sig om kroppen med stil. Kombinationen af guldm\u00f8nstre og ideogrammer skaber en sl\u00e5ende \u00e6stetik, mens farvens integritet er en kontrast til den hvide eller sorte v\u00e6vning. Perfekt til hverdagsudflugter eller s\u00e6rlige lejligheder, hvor du gerne vil skille dig ud med et diskret og stilfuldt look.<\/p>","protected":false},"featured_media":12280,"comment_status":"open","ping_status":"open","template":"","meta":{"_gspb_post_css":""},"product_brand":[],"product_cat":[74,96],"product_tag":[],"class_list":{"0":"post-10795","1":"product","2":"type-product","3":"status-publish","4":"has-post-thumbnail","6":"product_cat-new","7":"product_cat-t-shirts","8":"pa_-101","9":"pa_-102","10":"pa_-103","11":"pa_-104","12":"pa_-large","13":"pa_-large-xlarge","14":"pa_-medium","15":"pa_-small","16":"pa_-small-medium","17":"pa_-xtra-large","18":"pa_-xtra-small","19":"pa_-xxl","20":"pa_-100-","21":"pa_-jersey-190g-m2","22":"pa_-97","23":"pa_-85","25":"first","26":"instock","27":"taxable","28":"shipping-taxable","29":"purchasable","30":"product-type-variable"},"_links":{"self":[{"href":"https:\/\/mo-mo.gr\/da\/wp-json\/wp\/v2\/product\/10795","targetHints":{"allow":["GET"]}}],"collection":[{"href":"https:\/\/mo-mo.gr\/da\/wp-json\/wp\/v2\/product"}],"about":[{"href":"https:\/\/mo-mo.gr\/da\/wp-json\/wp\/v2\/types\/product"}],"replies":[{"embeddable":true,"href":"https:\/\/mo-mo.gr\/da\/wp-json\/wp\/v2\/comments?post=10795"}],"wp:featuredmedia":[{"embeddable":true,"href":"https:\/\/mo-mo.gr\/da\/wp-json\/wp\/v2\/media\/12280"}],"wp:attachment":[{"href":"https:\/\/mo-mo.gr\/da\/wp-json\/wp\/v2\/media?parent=10795"}],"wp:term":[{"taxonomy":"product_brand","embeddable":true,"href":"https:\/\/mo-mo.gr\/da\/wp-json\/wp\/v2\/product_brand?post=10795"},{"taxonomy":"product_cat","embeddable":true,"href":"https:\/\/mo-mo.gr\/da\/wp-json\/wp\/v2\/product_cat?post=10795"},{"taxonomy":"product_tag","embeddable":true,"href":"https:\/\/mo-mo.gr\/da\/wp-json\/wp\/v2\/product_tag?post=10795"}],"curies":[{"name":"wp","href":"https:\/\/api.w.org\/{rel}","templated":true}]}}