{"id":10789,"date":"2024-06-12T22:47:11","date_gmt":"2024-06-12T22:47:11","guid":{"rendered":"https:\/\/mo-mo.gr\/product\/japanese-t-shirt-ramen-koi-fish-and-noodles\/"},"modified":"2024-12-12T14:48:52","modified_gmt":"2024-12-12T14:48:52","slug":"japansk-t-shirt-ramen-koi-fisk-og-nudler","status":"publish","type":"product","link":"https:\/\/mo-mo.gr\/da\/\u03c0\u03c1\u03bf\u03ca\u03cc\u03bd\u03c4\u03b1\/japanese-t-shirt-ramen-koi-fish-and-noodles\/","title":{"rendered":"Japansk T-shirt Ramen Koi fisk og nudler"},"content":{"rendered":"","protected":false},"excerpt":{"rendered":"<p>\"Japanese T-shirt Ramen Koi Fish and Noodles\" er et stilfuldt produkt med en \u00e6stetik, der henter inspiration fra den japanske kultur. Det sorte eller hvide bomuldsstof skaber et klassisk look, mens illustrationen omfatter en koi, der er kendt for sin symbolske betydning i japansk tradition, og ramen-sk\u00e5le, der udtrykker k\u00e6rligheden til det japanske k\u00f8kken. Perfekt til dem, der \u00f8nsker en unik og moderne stil med st\u00e6rke referencer til japansk \u00e6stetik.<\/p>","protected":false},"featured_media":12275,"comment_status":"open","ping_status":"open","template":"","meta":{"_gspb_post_css":""},"product_brand":[],"product_cat":[96],"product_tag":[],"class_list":{"0":"post-10789","1":"product","2":"type-product","3":"status-publish","4":"has-post-thumbnail","6":"product_cat-t-shirts","7":"pa_-101","8":"pa_-102","9":"pa_-103","10":"pa_-104","11":"pa_-large","12":"pa_-medium","13":"pa_-small","14":"pa_-xtra-large","15":"pa_-xtra-small","16":"pa_-xxl","17":"pa_-100-","18":"pa_-jersey-190g-m2","19":"pa_-97","20":"pa_-85","22":"first","23":"instock","24":"taxable","25":"shipping-taxable","26":"purchasable","27":"product-type-variable"},"_links":{"self":[{"href":"https:\/\/mo-mo.gr\/da\/wp-json\/wp\/v2\/product\/10789","targetHints":{"allow":["GET"]}}],"collection":[{"href":"https:\/\/mo-mo.gr\/da\/wp-json\/wp\/v2\/product"}],"about":[{"href":"https:\/\/mo-mo.gr\/da\/wp-json\/wp\/v2\/types\/product"}],"replies":[{"embeddable":true,"href":"https:\/\/mo-mo.gr\/da\/wp-json\/wp\/v2\/comments?post=10789"}],"wp:featuredmedia":[{"embeddable":true,"href":"https:\/\/mo-mo.gr\/da\/wp-json\/wp\/v2\/media\/12275"}],"wp:attachment":[{"href":"https:\/\/mo-mo.gr\/da\/wp-json\/wp\/v2\/media?parent=10789"}],"wp:term":[{"taxonomy":"product_brand","embeddable":true,"href":"https:\/\/mo-mo.gr\/da\/wp-json\/wp\/v2\/product_brand?post=10789"},{"taxonomy":"product_cat","embeddable":true,"href":"https:\/\/mo-mo.gr\/da\/wp-json\/wp\/v2\/product_cat?post=10789"},{"taxonomy":"product_tag","embeddable":true,"href":"https:\/\/mo-mo.gr\/da\/wp-json\/wp\/v2\/product_tag?post=10789"}],"curies":[{"name":"wp","href":"https:\/\/api.w.org\/{rel}","templated":true}]}}