{"id":10757,"date":"2024-06-12T22:17:34","date_gmt":"2024-06-12T22:17:34","guid":{"rendered":"https:\/\/mo-mo.gr\/product\/japanese-t-shirt-tokyo-samurai\/"},"modified":"2024-12-12T14:47:30","modified_gmt":"2024-12-12T14:47:30","slug":"japansk-t-shirt-tokyo-samurai","status":"publish","type":"product","link":"https:\/\/mo-mo.gr\/da\/\u03c0\u03c1\u03bf\u03ca\u03cc\u03bd\u03c4\u03b1\/japanese-t-shirt-tokyo-samurai\/","title":{"rendered":"Japansk T-shirt Tokyo Samurai"},"content":{"rendered":"","protected":false},"excerpt":{"rendered":"<p>Den japanske T-shirt Tokyo Samurai er en moderne og stilfuld t-shirt, der afspejler Tokyos \u00e6stetik og samurai-traditionen. Den sorte farve er lavet af bomuld af h\u00f8j kvalitet og giver den et sofistikeret look og holdbarhed til hverdagsbrug. Designet er dekoreret med abstrakt samurai-grafik, der giver en unik fornemmelse af japansk kultur og tradition.<\/p>\n<p>Denne t-shirt er ideel til dem, der leder efter en stilfuld og ekstremt behagelig bekl\u00e6dningsgenstand til hver dag. Brug den med jeans eller chinos for et afslappet look, eller endda med en blazer for et mere formelt look. Perfekt til m\u00e6nd og kvinder, der s\u00e6tter pris p\u00e5 kvalitet og unikhed i deres mode.<\/p>\n<p>Tilf\u00f8j den japanske Tokyo Samurai T-shirt til din samling for at f\u00e5 et stilfuldt og unikt stykke t\u00f8j, der vil skille sig ud.<\/p>","protected":false},"featured_media":12264,"comment_status":"open","ping_status":"open","template":"","meta":{"_gspb_post_css":""},"product_brand":[],"product_cat":[96],"product_tag":[],"class_list":{"0":"post-10757","1":"product","2":"type-product","3":"status-publish","4":"has-post-thumbnail","6":"product_cat-t-shirts","7":"pa_-101","8":"pa_-102","9":"pa_-103","10":"pa_-104","11":"pa_-large","12":"pa_-medium","13":"pa_-small","14":"pa_-xtra-large","15":"pa_-xtra-small","16":"pa_-xxl","17":"pa_-100-","18":"pa_-jersey-190g-m2","19":"pa_-85","21":"first","22":"instock","23":"taxable","24":"shipping-taxable","25":"purchasable","26":"product-type-variable"},"_links":{"self":[{"href":"https:\/\/mo-mo.gr\/da\/wp-json\/wp\/v2\/product\/10757","targetHints":{"allow":["GET"]}}],"collection":[{"href":"https:\/\/mo-mo.gr\/da\/wp-json\/wp\/v2\/product"}],"about":[{"href":"https:\/\/mo-mo.gr\/da\/wp-json\/wp\/v2\/types\/product"}],"replies":[{"embeddable":true,"href":"https:\/\/mo-mo.gr\/da\/wp-json\/wp\/v2\/comments?post=10757"}],"wp:featuredmedia":[{"embeddable":true,"href":"https:\/\/mo-mo.gr\/da\/wp-json\/wp\/v2\/media\/12264"}],"wp:attachment":[{"href":"https:\/\/mo-mo.gr\/da\/wp-json\/wp\/v2\/media?parent=10757"}],"wp:term":[{"taxonomy":"product_brand","embeddable":true,"href":"https:\/\/mo-mo.gr\/da\/wp-json\/wp\/v2\/product_brand?post=10757"},{"taxonomy":"product_cat","embeddable":true,"href":"https:\/\/mo-mo.gr\/da\/wp-json\/wp\/v2\/product_cat?post=10757"},{"taxonomy":"product_tag","embeddable":true,"href":"https:\/\/mo-mo.gr\/da\/wp-json\/wp\/v2\/product_tag?post=10757"}],"curies":[{"name":"wp","href":"https:\/\/api.w.org\/{rel}","templated":true}]}}