{"id":10745,"date":"2024-06-12T22:12:20","date_gmt":"2024-06-12T22:12:20","guid":{"rendered":"https:\/\/mo-mo.gr\/product\/japanese-t-shirt-koi-fish-in-pink\/"},"modified":"2024-12-12T14:47:28","modified_gmt":"2024-12-12T14:47:28","slug":"japansk-t-shirt-koi-fisk-i-pink","status":"publish","type":"product","link":"https:\/\/mo-mo.gr\/da\/\u03c0\u03c1\u03bf\u03ca\u03cc\u03bd\u03c4\u03b1\/japanese-t-shirt-koi-fish-in-pink\/","title":{"rendered":"Japansk T-shirt Koi Fish i pink"},"content":{"rendered":"","protected":false},"excerpt":{"rendered":"<p>JAPANSK T-SHIRT KOI I PINK! Vi tilbyder en unik t-shirt i pink, som omfavner Japans \u00e6stetik. Med en r\u00f8d mave og indgraveret med japanske ideogrammer kombinerer denne t-shirt tradition med moderne stil. Den er fremstillet af bomuld af h\u00f8j kvalitet og sikrer komfort og holdbarhed. Perfekt til dem, der \u00f8nsker at skille sig ud med et karakteristisk stykke, der afspejler elegance og enest\u00e5ende konstruktion.<\/p>","protected":false},"featured_media":12259,"comment_status":"open","ping_status":"open","template":"","meta":{"_gspb_post_css":""},"product_brand":[],"product_cat":[74,96],"product_tag":[],"class_list":{"0":"post-10745","1":"product","2":"type-product","3":"status-publish","4":"has-post-thumbnail","6":"product_cat-new","7":"product_cat-t-shirts","8":"pa_-101","9":"pa_-102","10":"pa_-103","11":"pa_-104","12":"pa_-large","13":"pa_-medium","14":"pa_-small","15":"pa_-xtra-large","16":"pa_-xtra-small","17":"pa_-xxl","18":"pa_-100-","19":"pa_-jersey-190g-m2","20":"pa_-99","22":"first","23":"instock","24":"taxable","25":"shipping-taxable","26":"purchasable","27":"product-type-variable"},"_links":{"self":[{"href":"https:\/\/mo-mo.gr\/da\/wp-json\/wp\/v2\/product\/10745","targetHints":{"allow":["GET"]}}],"collection":[{"href":"https:\/\/mo-mo.gr\/da\/wp-json\/wp\/v2\/product"}],"about":[{"href":"https:\/\/mo-mo.gr\/da\/wp-json\/wp\/v2\/types\/product"}],"replies":[{"embeddable":true,"href":"https:\/\/mo-mo.gr\/da\/wp-json\/wp\/v2\/comments?post=10745"}],"wp:featuredmedia":[{"embeddable":true,"href":"https:\/\/mo-mo.gr\/da\/wp-json\/wp\/v2\/media\/12259"}],"wp:attachment":[{"href":"https:\/\/mo-mo.gr\/da\/wp-json\/wp\/v2\/media?parent=10745"}],"wp:term":[{"taxonomy":"product_brand","embeddable":true,"href":"https:\/\/mo-mo.gr\/da\/wp-json\/wp\/v2\/product_brand?post=10745"},{"taxonomy":"product_cat","embeddable":true,"href":"https:\/\/mo-mo.gr\/da\/wp-json\/wp\/v2\/product_cat?post=10745"},{"taxonomy":"product_tag","embeddable":true,"href":"https:\/\/mo-mo.gr\/da\/wp-json\/wp\/v2\/product_tag?post=10745"}],"curies":[{"name":"wp","href":"https:\/\/api.w.org\/{rel}","templated":true}]}}