{"id":10734,"date":"2024-06-12T22:03:05","date_gmt":"2024-06-12T22:03:05","guid":{"rendered":"https:\/\/mo-mo.gr\/product\/japanese-t-shirt-japan-cotton\/"},"modified":"2024-12-12T14:47:24","modified_gmt":"2024-12-12T14:47:24","slug":"japansk-t-shirt-japansk-bomuld","status":"publish","type":"product","link":"https:\/\/mo-mo.gr\/da\/\u03c0\u03c1\u03bf\u03ca\u03cc\u03bd\u03c4\u03b1\/japanese-t-shirt-japan-cotton\/","title":{"rendered":"Japansk T-shirt Japan bomuld"},"content":{"rendered":"","protected":false},"excerpt":{"rendered":"<p>Den japanske T-shirt \"Japan in Black\" er det ultimative udtryk for japansk mode og kvalitet. Den er fremstillet af 100%-bomuld af h\u00f8j kvalitet og har en fremragende pasform og komfort. Det unikke design har ordet \"Japan\" skrevet i forskellige japanske m\u00f8nstre, hvilket giver en sl\u00e5ende kombination af moderne \u00e6stetik og japansk tradition. Perfekt til dem, der \u00f8nsker at inkorporere den japanske kulturs \u00e5nd i deres stil med stil og sofistikeret charme.<\/p>","protected":false},"featured_media":12255,"comment_status":"open","ping_status":"open","template":"","meta":{"_gspb_post_css":""},"product_brand":[],"product_cat":[96],"product_tag":[],"class_list":{"0":"post-10734","1":"product","2":"type-product","3":"status-publish","4":"has-post-thumbnail","6":"product_cat-t-shirts","7":"pa_-101","8":"pa_-102","9":"pa_-103","10":"pa_-104","11":"pa_-large","12":"pa_-medium","13":"pa_-small","14":"pa_-xtra-large","15":"pa_-xtra-small","16":"pa_-xxl","17":"pa_-100-","18":"pa_-jersey-190g-m2","19":"pa_-85","21":"first","22":"instock","23":"taxable","24":"shipping-taxable","25":"purchasable","26":"product-type-variable"},"_links":{"self":[{"href":"https:\/\/mo-mo.gr\/da\/wp-json\/wp\/v2\/product\/10734","targetHints":{"allow":["GET"]}}],"collection":[{"href":"https:\/\/mo-mo.gr\/da\/wp-json\/wp\/v2\/product"}],"about":[{"href":"https:\/\/mo-mo.gr\/da\/wp-json\/wp\/v2\/types\/product"}],"replies":[{"embeddable":true,"href":"https:\/\/mo-mo.gr\/da\/wp-json\/wp\/v2\/comments?post=10734"}],"wp:featuredmedia":[{"embeddable":true,"href":"https:\/\/mo-mo.gr\/da\/wp-json\/wp\/v2\/media\/12255"}],"wp:attachment":[{"href":"https:\/\/mo-mo.gr\/da\/wp-json\/wp\/v2\/media?parent=10734"}],"wp:term":[{"taxonomy":"product_brand","embeddable":true,"href":"https:\/\/mo-mo.gr\/da\/wp-json\/wp\/v2\/product_brand?post=10734"},{"taxonomy":"product_cat","embeddable":true,"href":"https:\/\/mo-mo.gr\/da\/wp-json\/wp\/v2\/product_cat?post=10734"},{"taxonomy":"product_tag","embeddable":true,"href":"https:\/\/mo-mo.gr\/da\/wp-json\/wp\/v2\/product_tag?post=10734"}],"curies":[{"name":"wp","href":"https:\/\/api.w.org\/{rel}","templated":true}]}}