{"id":10655,"date":"2024-05-03T15:31:00","date_gmt":"2024-05-03T15:31:00","guid":{"rendered":"https:\/\/mo-mo.gr\/product\/japanese-t-shirt-embroidered-white-crane\/"},"modified":"2025-12-11T15:27:30","modified_gmt":"2025-12-11T13:27:30","slug":"japansk-t-shirt-med-broderet-hvid-trane","status":"publish","type":"product","link":"https:\/\/mo-mo.gr\/da\/\u03c0\u03c1\u03bf\u03ca\u03cc\u03bd\u03c4\u03b1\/japanese-t-shirt-embroidered-white-crane\/","title":{"rendered":"Japansk T-shirt broderet med trane"},"content":{"rendered":"","protected":false},"excerpt":{"rendered":"<p>Japansk T-shirt broderet med to ikoniske symboler for Japan: Tranen, et symbol p\u00e5 lykke og lang levetid, da legenden siger, at den lever i 1.000 \u00e5r, og den r\u00f8de sol, symbolet p\u00e5 landet med den opg\u00e5ende sol.<\/p>","protected":false},"featured_media":12221,"comment_status":"open","ping_status":"closed","template":"","meta":{"_gspb_post_css":""},"product_brand":[],"product_cat":[74,96],"product_tag":[],"class_list":{"0":"post-10655","1":"product","2":"type-product","3":"status-publish","4":"has-post-thumbnail","6":"product_cat-new","7":"product_cat-t-shirts","8":"pa_-large","9":"pa_-medium","10":"pa_-small","11":"pa_-xtra-large","12":"pa_-xtra-small","13":"pa_-xxl","14":"pa_-85","16":"first","17":"outofstock","18":"taxable","19":"shipping-taxable","20":"purchasable","21":"product-type-variable"},"_links":{"self":[{"href":"https:\/\/mo-mo.gr\/da\/wp-json\/wp\/v2\/product\/10655","targetHints":{"allow":["GET"]}}],"collection":[{"href":"https:\/\/mo-mo.gr\/da\/wp-json\/wp\/v2\/product"}],"about":[{"href":"https:\/\/mo-mo.gr\/da\/wp-json\/wp\/v2\/types\/product"}],"replies":[{"embeddable":true,"href":"https:\/\/mo-mo.gr\/da\/wp-json\/wp\/v2\/comments?post=10655"}],"wp:featuredmedia":[{"embeddable":true,"href":"https:\/\/mo-mo.gr\/da\/wp-json\/wp\/v2\/media\/12221"}],"wp:attachment":[{"href":"https:\/\/mo-mo.gr\/da\/wp-json\/wp\/v2\/media?parent=10655"}],"wp:term":[{"taxonomy":"product_brand","embeddable":true,"href":"https:\/\/mo-mo.gr\/da\/wp-json\/wp\/v2\/product_brand?post=10655"},{"taxonomy":"product_cat","embeddable":true,"href":"https:\/\/mo-mo.gr\/da\/wp-json\/wp\/v2\/product_cat?post=10655"},{"taxonomy":"product_tag","embeddable":true,"href":"https:\/\/mo-mo.gr\/da\/wp-json\/wp\/v2\/product_tag?post=10655"}],"curies":[{"name":"wp","href":"https:\/\/api.w.org\/{rel}","templated":true}]}}