{"id":10649,"date":"2024-04-30T20:59:12","date_gmt":"2024-04-30T20:59:12","guid":{"rendered":"https:\/\/mo-mo.gr\/product\/%ce%ba%ce%b9%ce%bc%ce%bf%ce%bd%cf%8c-yukata-%ce%b1%cf%80%ce%b1%ce%bb%cf%8c-%cf%81%ce%bf%ce%b6-%cf%8c%ce%bd%ce%b5%ce%b9%cf%81%ce%bf\/"},"modified":"2026-03-19T15:41:58","modified_gmt":"2026-03-19T13:41:58","slug":"%ce%ba%ce%b9%ce%bc%ce%bf%ce%bd%cf%8c-yukata-%ce%b1%cf%80%ce%b1%ce%bb%cf%8c-%cf%81%ce%bf%ce%b6-%cf%8c%ce%bd%ce%b5%ce%b9%cf%81%ce%bf","status":"publish","type":"product","link":"https:\/\/mo-mo.gr\/da\/\u03c0\u03c1\u03bf\u03ca\u03cc\u03bd\u03c4\u03b1\/%ce%ba%ce%b9%ce%bc%ce%bf%ce%bd%cf%8c-yukata-%ce%b1%cf%80%ce%b1%ce%bb%cf%8c-%cf%81%ce%bf%ce%b6-%cf%8c%ce%bd%ce%b5%ce%b9%cf%81%ce%bf\/","title":{"rendered":"Kimono Yukata Soft Pink Dream"},"content":{"rendered":"","protected":false},"excerpt":{"rendered":"<p>Kimono Yukata Soft Pink Dream<\/p>\n<p>Denne smukke viskose-Yukata i en bl\u00f8d rosa nuance er et ideelt valg for dem, der s\u00f8ger komfort og stil. De sm\u00e5, diskrete m\u00f8nstre giver den et muntert strejf og g\u00f8r den yderst elegant og tidl\u00f8s.<\/p>\n<p>Yukataen er h\u00e5ndsyet af MOMO KIDOHO's skr\u00e6dder og udm\u00e6rker sig ved sin sans for detaljer og kvalitet i konstruktionen. Dens traditionelle mellemstore \u00e6rme er designet til at v\u00e6re praktisk til hverdagsbrug og giver bev\u00e6gelsesfrihed og komfort, uanset om det er hjemme eller til udend\u00f8rs aktiviteter.<\/p>\n<p>Denne kimono er ikke bare en bekl\u00e6dningsgenstand, men en oplevelse, der forener tradition og moderne \u00e6stetik. Perfekt til afslappede stunder, s\u00e6rlige lejligheder eller til at tilf\u00f8re en f\u00f8lelse af japansk elegance til din hverdag.<\/p>","protected":false},"featured_media":12216,"comment_status":"open","ping_status":"closed","template":"","meta":{"_gspb_post_css":""},"product_brand":[],"product_cat":[115,66],"product_tag":[56],"class_list":{"0":"post-10649","1":"product","2":"type-product","3":"status-publish","4":"has-post-thumbnail","6":"product_cat-yukata","7":"product_cat-66","8":"product_tag-womans-kimonos","9":"pa_-large","10":"pa_-medium","11":"pa_-small","12":"pa_-xtra-large","13":"pa_-99","15":"first","16":"outofstock","17":"taxable","18":"shipping-taxable","19":"purchasable","20":"product-type-variable"},"_links":{"self":[{"href":"https:\/\/mo-mo.gr\/da\/wp-json\/wp\/v2\/product\/10649","targetHints":{"allow":["GET"]}}],"collection":[{"href":"https:\/\/mo-mo.gr\/da\/wp-json\/wp\/v2\/product"}],"about":[{"href":"https:\/\/mo-mo.gr\/da\/wp-json\/wp\/v2\/types\/product"}],"replies":[{"embeddable":true,"href":"https:\/\/mo-mo.gr\/da\/wp-json\/wp\/v2\/comments?post=10649"}],"wp:featuredmedia":[{"embeddable":true,"href":"https:\/\/mo-mo.gr\/da\/wp-json\/wp\/v2\/media\/12216"}],"wp:attachment":[{"href":"https:\/\/mo-mo.gr\/da\/wp-json\/wp\/v2\/media?parent=10649"}],"wp:term":[{"taxonomy":"product_brand","embeddable":true,"href":"https:\/\/mo-mo.gr\/da\/wp-json\/wp\/v2\/product_brand?post=10649"},{"taxonomy":"product_cat","embeddable":true,"href":"https:\/\/mo-mo.gr\/da\/wp-json\/wp\/v2\/product_cat?post=10649"},{"taxonomy":"product_tag","embeddable":true,"href":"https:\/\/mo-mo.gr\/da\/wp-json\/wp\/v2\/product_tag?post=10649"}],"curies":[{"name":"wp","href":"https:\/\/api.w.org\/{rel}","templated":true}]}}