{"id":10629,"date":"2024-04-25T16:33:11","date_gmt":"2024-04-25T16:33:11","guid":{"rendered":"https:\/\/mo-mo.gr\/product\/linen-viscose-kimono-with-yukata-sleeves\/"},"modified":"2025-01-08T13:03:58","modified_gmt":"2025-01-08T11:03:58","slug":"kimono-i-horviskose-med-yukata-aermer","status":"publish","type":"product","link":"https:\/\/mo-mo.gr\/da\/\u03c0\u03c1\u03bf\u03ca\u03cc\u03bd\u03c4\u03b1\/linen-viscose-kimono-with-yukata-sleeves\/","title":{"rendered":"Kimono i h\u00f8r og viskose med Yukata-\u00e6rmer"},"content":{"rendered":"","protected":false},"excerpt":{"rendered":"<p>Kimono yukata i letv\u00e6gtslinned er et mesterv\u00e6rk, h\u00e5ndsyet med stor opm\u00e6rksomhed p\u00e5 detaljer. Den har det karakteristiske yukata-\u00e6rme, som tilf\u00f8jer elegance og funktionalitet. H\u00f8rstoffet giver komfort og k\u00f8lighed, hvilket g\u00f8r den ideel til varme sommerdage. Denne h\u00e5ndlavede yukata kombinerer traditionel japansk \u00e6stetik med moderne funktionalitet og giver en unik p\u00e5kl\u00e6dningsoplevelse.<\/p>","protected":false},"featured_media":12203,"comment_status":"open","ping_status":"closed","template":"","meta":{"_gspb_post_css":""},"product_brand":[],"product_cat":[115,66],"product_tag":[56],"class_list":{"0":"post-10629","1":"product","2":"type-product","3":"status-publish","4":"has-post-thumbnail","6":"product_cat-yukata","7":"product_cat-66","8":"product_tag-womans-kimonos","9":"pa_-large-xlarge","10":"pa_-small-medium","11":"pa_-multiple-colors","12":"pa_-85","14":"first","15":"outofstock","16":"taxable","17":"shipping-taxable","18":"purchasable","19":"product-type-variable"},"_links":{"self":[{"href":"https:\/\/mo-mo.gr\/da\/wp-json\/wp\/v2\/product\/10629","targetHints":{"allow":["GET"]}}],"collection":[{"href":"https:\/\/mo-mo.gr\/da\/wp-json\/wp\/v2\/product"}],"about":[{"href":"https:\/\/mo-mo.gr\/da\/wp-json\/wp\/v2\/types\/product"}],"replies":[{"embeddable":true,"href":"https:\/\/mo-mo.gr\/da\/wp-json\/wp\/v2\/comments?post=10629"}],"wp:featuredmedia":[{"embeddable":true,"href":"https:\/\/mo-mo.gr\/da\/wp-json\/wp\/v2\/media\/12203"}],"wp:attachment":[{"href":"https:\/\/mo-mo.gr\/da\/wp-json\/wp\/v2\/media?parent=10629"}],"wp:term":[{"taxonomy":"product_brand","embeddable":true,"href":"https:\/\/mo-mo.gr\/da\/wp-json\/wp\/v2\/product_brand?post=10629"},{"taxonomy":"product_cat","embeddable":true,"href":"https:\/\/mo-mo.gr\/da\/wp-json\/wp\/v2\/product_cat?post=10629"},{"taxonomy":"product_tag","embeddable":true,"href":"https:\/\/mo-mo.gr\/da\/wp-json\/wp\/v2\/product_tag?post=10629"}],"curies":[{"name":"wp","href":"https:\/\/api.w.org\/{rel}","templated":true}]}}