{"id":10553,"date":"2024-03-17T18:39:33","date_gmt":"2024-03-17T18:39:33","guid":{"rendered":"https:\/\/mo-mo.gr\/product\/japanese-tote-geisha-with-katana\/"},"modified":"2024-12-12T14:46:04","modified_gmt":"2024-12-12T14:46:04","slug":"japansk-taske-geisha-med-katana","status":"publish","type":"product","link":"https:\/\/mo-mo.gr\/da\/\u03c0\u03c1\u03bf\u03ca\u03cc\u03bd\u03c4\u03b1\/japanese-tote-geisha-with-katana\/","title":{"rendered":"Japansk tote Geisha med katana"},"content":{"rendered":"","protected":false},"excerpt":{"rendered":"<p>Den japanske taske Geisha med katana udstr\u00e5ler en aura af sensualitet og elegance og fremh\u00e6ver sk\u00f8nheden og \u00e6stetikken i den japanske tradition. Hver taske er unik og h\u00e5ndlavet, skabt med omhu og k\u00e6rlighed til sy- og h\u00e5ndv\u00e6rkskunsten.<\/p>\n<p>Billedet af geishaen Katana kombineret med roserne skaber en unik kombination af mystisk charme og raffinement.<\/p>\n<p>Japanese Tote Bag er den ideelle ledsager til enhver udflugt og tilbyder ikke kun funktionalitet, men ogs\u00e5 stil. Med sin japanske konstruktion og sit unikke look vil denne taske stj\u00e6le opm\u00e6rksomheden og forbedre dit outfit til enhver lejlighed.<\/p>\n<p>-Vandt\u00e6t bomuldsl\u00e6rred \/ OEKO TEX STANDARD 100<\/p>\n<ul>\n<li>Dimensioner: H\u00f8jde 50 Bredde 45 og dybde 10.<\/li>\n<li>Ikke k\u00f8nsspecifik<\/li>\n<li>Indvendig lomme<\/li>\n<li>Tasken lukkes med lynl\u00e5s for ekstra sikkerhed<\/li>\n<\/ul>","protected":false},"featured_media":12182,"comment_status":"open","ping_status":"open","template":"","meta":{"_gspb_post_css":""},"product_brand":[],"product_cat":[76],"product_tag":[],"class_list":{"0":"post-10553","1":"product","2":"type-product","3":"status-publish","4":"has-post-thumbnail","6":"product_cat-totes","7":"pa_-85","9":"first","10":"instock","11":"taxable","12":"shipping-taxable","13":"purchasable","14":"product-type-simple"},"_links":{"self":[{"href":"https:\/\/mo-mo.gr\/da\/wp-json\/wp\/v2\/product\/10553","targetHints":{"allow":["GET"]}}],"collection":[{"href":"https:\/\/mo-mo.gr\/da\/wp-json\/wp\/v2\/product"}],"about":[{"href":"https:\/\/mo-mo.gr\/da\/wp-json\/wp\/v2\/types\/product"}],"replies":[{"embeddable":true,"href":"https:\/\/mo-mo.gr\/da\/wp-json\/wp\/v2\/comments?post=10553"}],"wp:featuredmedia":[{"embeddable":true,"href":"https:\/\/mo-mo.gr\/da\/wp-json\/wp\/v2\/media\/12182"}],"wp:attachment":[{"href":"https:\/\/mo-mo.gr\/da\/wp-json\/wp\/v2\/media?parent=10553"}],"wp:term":[{"taxonomy":"product_brand","embeddable":true,"href":"https:\/\/mo-mo.gr\/da\/wp-json\/wp\/v2\/product_brand?post=10553"},{"taxonomy":"product_cat","embeddable":true,"href":"https:\/\/mo-mo.gr\/da\/wp-json\/wp\/v2\/product_cat?post=10553"},{"taxonomy":"product_tag","embeddable":true,"href":"https:\/\/mo-mo.gr\/da\/wp-json\/wp\/v2\/product_tag?post=10553"}],"curies":[{"name":"wp","href":"https:\/\/api.w.org\/{rel}","templated":true}]}}