{"id":10550,"date":"2024-03-17T18:29:00","date_gmt":"2024-03-17T18:29:00","guid":{"rendered":"https:\/\/mo-mo.gr\/product\/korean-tote-bag-plant-a-tree\/"},"modified":"2026-04-02T19:56:17","modified_gmt":"2026-04-02T16:56:17","slug":"koreansk-tote-bag-plant-et-trae","status":"publish","type":"product","link":"https:\/\/mo-mo.gr\/da\/\u03c0\u03c1\u03bf\u03ca\u03cc\u03bd\u03c4\u03b1\/korean-tote-bag-plant-a-tree\/","title":{"rendered":"Koreansk taske Plant et tr\u00e6"},"content":{"rendered":"","protected":false},"excerpt":{"rendered":"<p>Den koreanske toilettaske med det unikke og sofistikerede design \"\ub098\ubb34\ub97c \uc2ec\ub294\ub370 \uac00\uc7a5 \uc88b\uc558\ub358 \ub54c\ub294 20\ub144 \uc804\uc774\uc5c8\ub2e4. \ub450 \ubc88\uc9f8\ub85c \uc88b\uc740 \ub54c\ub294 \uc9c0\uae08\uc774\ub2e4.\" er en fantastisk repr\u00e6sentation af koreansk kultur og s\u00f8d nostalgi. S\u00e6tningen p\u00e5 tasken henviser til vigtigheden af natur og forandring og fremh\u00e6ver vigtigheden af at v\u00e6rds\u00e6tte nutiden.<\/p>\n<p>Korean Tote Bag er fremstillet af slidst\u00e6rkt stof i h\u00f8j kvalitet og er holdbar og stilfuld ved enhver brug. Med den markante koreanske tekst p\u00e5 overfladen viser denne taske den koreanske traditions sofistikerede \u00e6stetik og spiritualitet.<\/p>\n<p>Korean Tote Bag er ideel til hverdagsbrug eller til at tilf\u00f8je et strejf af autenticitet til din stil og er en accessory, der stj\u00e6ler billedet og opgraderer dit look med sin unikke karakter.<\/p>","protected":false},"featured_media":12180,"comment_status":"open","ping_status":"closed","template":"","meta":{"_gspb_post_css":""},"product_brand":[],"product_cat":[76],"product_tag":[],"class_list":{"0":"post-10550","1":"product","2":"type-product","3":"status-publish","4":"has-post-thumbnail","6":"product_cat-totes","7":"pa_-85","9":"first","10":"instock","11":"taxable","12":"shipping-taxable","13":"purchasable","14":"product-type-simple"},"_links":{"self":[{"href":"https:\/\/mo-mo.gr\/da\/wp-json\/wp\/v2\/product\/10550","targetHints":{"allow":["GET"]}}],"collection":[{"href":"https:\/\/mo-mo.gr\/da\/wp-json\/wp\/v2\/product"}],"about":[{"href":"https:\/\/mo-mo.gr\/da\/wp-json\/wp\/v2\/types\/product"}],"replies":[{"embeddable":true,"href":"https:\/\/mo-mo.gr\/da\/wp-json\/wp\/v2\/comments?post=10550"}],"wp:featuredmedia":[{"embeddable":true,"href":"https:\/\/mo-mo.gr\/da\/wp-json\/wp\/v2\/media\/12180"}],"wp:attachment":[{"href":"https:\/\/mo-mo.gr\/da\/wp-json\/wp\/v2\/media?parent=10550"}],"wp:term":[{"taxonomy":"product_brand","embeddable":true,"href":"https:\/\/mo-mo.gr\/da\/wp-json\/wp\/v2\/product_brand?post=10550"},{"taxonomy":"product_cat","embeddable":true,"href":"https:\/\/mo-mo.gr\/da\/wp-json\/wp\/v2\/product_cat?post=10550"},{"taxonomy":"product_tag","embeddable":true,"href":"https:\/\/mo-mo.gr\/da\/wp-json\/wp\/v2\/product_tag?post=10550"}],"curies":[{"name":"wp","href":"https:\/\/api.w.org\/{rel}","templated":true}]}}