{"id":10547,"date":"2024-03-17T18:20:00","date_gmt":"2024-03-17T18:20:00","guid":{"rendered":"https:\/\/mo-mo.gr\/product\/korean-tote-bag-come-on\/"},"modified":"2026-04-02T19:57:31","modified_gmt":"2026-04-02T16:57:31","slug":"koreansk-tote-bag-kom-nu","status":"publish","type":"product","link":"https:\/\/mo-mo.gr\/da\/\u03c0\u03c1\u03bf\u03ca\u03cc\u03bd\u03c4\u03b1\/korean-tote-bag-come-on\/","title":{"rendered":"Korean Tote Bag Kom nu"},"content":{"rendered":"","protected":false},"excerpt":{"rendered":"<p>Korean Tote Bag Come on, Let's Go \"\uc544\uc790 \uc544\uc790 \ud30c\uc774\ud305\" er en samlertaske, der afspejler den koreanske kulturs livlige og opmuntrende \u00e5nd. Teksten \"\uc544\uc790 \uc544\uc790 \ud30c\uc774\ud305\" er et popul\u00e6rt slogan, der bruges til at opmuntre og aktivere positiv \u00e5nd og beslutsomhed.<\/p>\n<p>Tasken er fremstillet af materialer af h\u00f8j kvalitet og har et stort opbevaringsrum, som g\u00f8r den ideel til hverdagsbrug, shopping eller en dag p\u00e5 stranden. Den er designet med tanke p\u00e5 komfort og funktionalitet, samtidig med at den giver et moderne bud p\u00e5 den klassiske koreanske modestil.<\/p>\n<p>Med den koreanske tote bag \"\uc544\uc790 \uc544\uc790 \ud30c\uc774\ud305\" kan du tage et stykke af Koreas opmuntrende atmosf\u00e6re med dig, hver gang du g\u00e5r ud, og inspirere og opmuntre dig selv og dem omkring dig.<\/p>","protected":false},"featured_media":12178,"comment_status":"open","ping_status":"closed","template":"","meta":{"_gspb_post_css":""},"product_brand":[],"product_cat":[76],"product_tag":[],"class_list":{"0":"post-10547","1":"product","2":"type-product","3":"status-publish","4":"has-post-thumbnail","6":"product_cat-totes","7":"pa_-85","9":"first","10":"instock","11":"taxable","12":"shipping-taxable","13":"purchasable","14":"product-type-simple"},"_links":{"self":[{"href":"https:\/\/mo-mo.gr\/da\/wp-json\/wp\/v2\/product\/10547","targetHints":{"allow":["GET"]}}],"collection":[{"href":"https:\/\/mo-mo.gr\/da\/wp-json\/wp\/v2\/product"}],"about":[{"href":"https:\/\/mo-mo.gr\/da\/wp-json\/wp\/v2\/types\/product"}],"replies":[{"embeddable":true,"href":"https:\/\/mo-mo.gr\/da\/wp-json\/wp\/v2\/comments?post=10547"}],"wp:featuredmedia":[{"embeddable":true,"href":"https:\/\/mo-mo.gr\/da\/wp-json\/wp\/v2\/media\/12178"}],"wp:attachment":[{"href":"https:\/\/mo-mo.gr\/da\/wp-json\/wp\/v2\/media?parent=10547"}],"wp:term":[{"taxonomy":"product_brand","embeddable":true,"href":"https:\/\/mo-mo.gr\/da\/wp-json\/wp\/v2\/product_brand?post=10547"},{"taxonomy":"product_cat","embeddable":true,"href":"https:\/\/mo-mo.gr\/da\/wp-json\/wp\/v2\/product_cat?post=10547"},{"taxonomy":"product_tag","embeddable":true,"href":"https:\/\/mo-mo.gr\/da\/wp-json\/wp\/v2\/product_tag?post=10547"}],"curies":[{"name":"wp","href":"https:\/\/api.w.org\/{rel}","templated":true}]}}