{"id":10542,"date":"2024-03-17T10:32:49","date_gmt":"2024-03-17T10:32:49","guid":{"rendered":"https:\/\/mo-mo.gr\/product\/japanese-t-shirt-sakura-dragon\/"},"modified":"2024-12-12T14:46:17","modified_gmt":"2024-12-12T14:46:17","slug":"japansk-t-shirt-sakura-drage","status":"publish","type":"product","link":"https:\/\/mo-mo.gr\/da\/\u03c0\u03c1\u03bf\u03ca\u03cc\u03bd\u03c4\u03b1\/japanese-t-shirt-sakura-dragon\/","title":{"rendered":"Japansk T-shirt Sakura Dragon"},"content":{"rendered":"","protected":false},"excerpt":{"rendered":"<p>Den japanske T-shirt Sakura Dragon kombinerer \u00e6stetikken i de japanske kirseb\u00e6rblomster, kendt som \"sakura\", med den mytiske tilstedev\u00e6relse af en drage, hvilket skaber et unikt og imponerende stykke mode. T-shirtens design fremh\u00e6ver blomsternes sk\u00f8nhed og f\u00f8lsomhed kombineret med dragens kraft og myte, hvilket giver en unik kombination af kontraster.<\/p>\n<p>Den japanske T-shirt Sakura Dragon er lavet af stof af h\u00f8j kvalitet og er behagelig og let at have p\u00e5, samtidig med at den har en unik stil, der skiller sig ud. Ved at kombinere de to elementer er denne T-shirt en fantastisk repr\u00e6sentation af japansk tradition og mytologi.<\/p>\n<p>Den japanske T-shirt Sakura Dragon er ideel til hverdagsbrug eller til at tilf\u00f8je en dosis mystik til dit outfit og er et godt valg for dem, der s\u00e6tter pris p\u00e5 japansk kultur og \u00f8nsker at skille sig ud med en unik stil.<\/p>","protected":false},"featured_media":12174,"comment_status":"open","ping_status":"open","template":"","meta":{"_gspb_post_css":""},"product_brand":[],"product_cat":[96],"product_tag":[],"class_list":{"0":"post-10542","1":"product","2":"type-product","3":"status-publish","4":"has-post-thumbnail","6":"product_cat-t-shirts","7":"pa_-large","8":"pa_-medium","9":"pa_-small","10":"pa_-xtra-large","11":"pa_-xtra-small","12":"pa_-xxl","13":"pa_-85","15":"first","16":"instock","17":"taxable","18":"shipping-taxable","19":"purchasable","20":"product-type-variable"},"_links":{"self":[{"href":"https:\/\/mo-mo.gr\/da\/wp-json\/wp\/v2\/product\/10542","targetHints":{"allow":["GET"]}}],"collection":[{"href":"https:\/\/mo-mo.gr\/da\/wp-json\/wp\/v2\/product"}],"about":[{"href":"https:\/\/mo-mo.gr\/da\/wp-json\/wp\/v2\/types\/product"}],"replies":[{"embeddable":true,"href":"https:\/\/mo-mo.gr\/da\/wp-json\/wp\/v2\/comments?post=10542"}],"wp:featuredmedia":[{"embeddable":true,"href":"https:\/\/mo-mo.gr\/da\/wp-json\/wp\/v2\/media\/12174"}],"wp:attachment":[{"href":"https:\/\/mo-mo.gr\/da\/wp-json\/wp\/v2\/media?parent=10542"}],"wp:term":[{"taxonomy":"product_brand","embeddable":true,"href":"https:\/\/mo-mo.gr\/da\/wp-json\/wp\/v2\/product_brand?post=10542"},{"taxonomy":"product_cat","embeddable":true,"href":"https:\/\/mo-mo.gr\/da\/wp-json\/wp\/v2\/product_cat?post=10542"},{"taxonomy":"product_tag","embeddable":true,"href":"https:\/\/mo-mo.gr\/da\/wp-json\/wp\/v2\/product_tag?post=10542"}],"curies":[{"name":"wp","href":"https:\/\/api.w.org\/{rel}","templated":true}]}}