{"id":10530,"date":"2024-03-17T00:09:43","date_gmt":"2024-03-17T00:09:43","guid":{"rendered":"https:\/\/mo-mo.gr\/product\/japanese-t-shirt-tokyo\/"},"modified":"2024-12-12T14:46:12","modified_gmt":"2024-12-12T14:46:12","slug":"japansk-t-shirt-tokyo","status":"publish","type":"product","link":"https:\/\/mo-mo.gr\/da\/\u03c0\u03c1\u03bf\u03ca\u03cc\u03bd\u03c4\u03b1\/japanese-t-shirt-tokyo\/","title":{"rendered":"Japansk T-shirt Tokyo"},"content":{"rendered":"","protected":false},"excerpt":{"rendered":"<p>Japansk T-shirt TOKYO. Oplev byen med mode og stil med bomulds-T-shirt Tokyo. Denne T-shirt er lavet af bomuldsstof af h\u00f8j kvalitet og giver komfort og stil i ethvert look. Med navnet p\u00e5 den unikke by Tokyo p\u00e5 forsiden afspejler denne T-shirt \u00e5nden og kulturen i den japanske metropol. Denne bomulds-T-shirt er perfekt til hverdagsbrug eller til at vise din k\u00e6rlighed til byen Tokyo, og den er et uundv\u00e6rligt stykke t\u00f8j for enhver Japan-fan.<\/p>","protected":false},"featured_media":12164,"comment_status":"open","ping_status":"open","template":"","meta":{"_gspb_post_css":""},"product_brand":[],"product_cat":[96],"product_tag":[],"class_list":{"0":"post-10530","1":"product","2":"type-product","3":"status-publish","4":"has-post-thumbnail","6":"product_cat-t-shirts","7":"pa_-large","8":"pa_-medium","9":"pa_-small","10":"pa_-xtra-large","11":"pa_-xtra-small","12":"pa_-xxl","13":"pa_-85","15":"first","16":"instock","17":"taxable","18":"shipping-taxable","19":"purchasable","20":"product-type-variable"},"_links":{"self":[{"href":"https:\/\/mo-mo.gr\/da\/wp-json\/wp\/v2\/product\/10530","targetHints":{"allow":["GET"]}}],"collection":[{"href":"https:\/\/mo-mo.gr\/da\/wp-json\/wp\/v2\/product"}],"about":[{"href":"https:\/\/mo-mo.gr\/da\/wp-json\/wp\/v2\/types\/product"}],"replies":[{"embeddable":true,"href":"https:\/\/mo-mo.gr\/da\/wp-json\/wp\/v2\/comments?post=10530"}],"wp:featuredmedia":[{"embeddable":true,"href":"https:\/\/mo-mo.gr\/da\/wp-json\/wp\/v2\/media\/12164"}],"wp:attachment":[{"href":"https:\/\/mo-mo.gr\/da\/wp-json\/wp\/v2\/media?parent=10530"}],"wp:term":[{"taxonomy":"product_brand","embeddable":true,"href":"https:\/\/mo-mo.gr\/da\/wp-json\/wp\/v2\/product_brand?post=10530"},{"taxonomy":"product_cat","embeddable":true,"href":"https:\/\/mo-mo.gr\/da\/wp-json\/wp\/v2\/product_cat?post=10530"},{"taxonomy":"product_tag","embeddable":true,"href":"https:\/\/mo-mo.gr\/da\/wp-json\/wp\/v2\/product_tag?post=10530"}],"curies":[{"name":"wp","href":"https:\/\/api.w.org\/{rel}","templated":true}]}}