{"id":10525,"date":"2024-03-16T23:53:11","date_gmt":"2024-03-16T23:53:11","guid":{"rendered":"https:\/\/mo-mo.gr\/product\/japanese-t-shirt-samurai-spirit\/"},"modified":"2024-12-12T14:46:13","modified_gmt":"2024-12-12T14:46:13","slug":"japansk-t-shirt-samurai-spirit","status":"publish","type":"product","link":"https:\/\/mo-mo.gr\/da\/\u03c0\u03c1\u03bf\u03ca\u03cc\u03bd\u03c4\u03b1\/japanese-t-shirt-samurai-spirit\/","title":{"rendered":"Japansk T-shirt Samurai Spirit"},"content":{"rendered":"","protected":false},"excerpt":{"rendered":"<p>Den japanske T-shirt Samurai er et kombineret udtryk for den japanske tradition og samuraiernes kamp\u00e6stetik. Denne unikke T-shirt udstr\u00e5ler en f\u00f8lelse af \u00e6re og antikvitet og demonstrerer den japanske kulturs sofistikerede spiritualitet.<\/p>\n<p>Den japanske T-shirt Samurai er lavet af stof af h\u00f8j kvalitet og giver komfort og stil i ethvert look. Designet er inspireret af samurai-traditionen med subtile elementer, der fremh\u00e6ver disse gamle krigeres styrke og v\u00e6rdighed.<\/p>\n<p>Den japanske T-shirt Samurai er ideel til hverdagsbrug eller til at tilf\u00f8je et strejf af \u00e6stetisk og historisk v\u00e6rdi til dit look. Uanset om du v\u00e6lger at b\u00e6re den p\u00e5 en afslappet g\u00e5tur i byen eller til en social begivenhed, vil denne T-shirt f\u00e5 dig til at skille dig ud p\u00e5 sin egen unikke m\u00e5de, og den er en unik tilf\u00f8jelse til garderoben for enhver, der elsker japansk kultur og samurai-historie.<\/p>\n<p>&nbsp;<\/p>","protected":false},"featured_media":12160,"comment_status":"open","ping_status":"open","template":"","meta":{"_gspb_post_css":""},"product_brand":[],"product_cat":[96],"product_tag":[55,54],"class_list":{"0":"post-10525","1":"product","2":"type-product","3":"status-publish","4":"has-post-thumbnail","6":"product_cat-t-shirts","7":"product_tag-samurai","8":"product_tag-t-shirts","9":"pa_-large","10":"pa_-medium","11":"pa_-small","12":"pa_-xtra-large","13":"pa_-xtra-small","14":"pa_-xxl","15":"pa_-85","17":"first","18":"instock","19":"taxable","20":"shipping-taxable","21":"purchasable","22":"product-type-variable"},"_links":{"self":[{"href":"https:\/\/mo-mo.gr\/da\/wp-json\/wp\/v2\/product\/10525","targetHints":{"allow":["GET"]}}],"collection":[{"href":"https:\/\/mo-mo.gr\/da\/wp-json\/wp\/v2\/product"}],"about":[{"href":"https:\/\/mo-mo.gr\/da\/wp-json\/wp\/v2\/types\/product"}],"replies":[{"embeddable":true,"href":"https:\/\/mo-mo.gr\/da\/wp-json\/wp\/v2\/comments?post=10525"}],"wp:featuredmedia":[{"embeddable":true,"href":"https:\/\/mo-mo.gr\/da\/wp-json\/wp\/v2\/media\/12160"}],"wp:attachment":[{"href":"https:\/\/mo-mo.gr\/da\/wp-json\/wp\/v2\/media?parent=10525"}],"wp:term":[{"taxonomy":"product_brand","embeddable":true,"href":"https:\/\/mo-mo.gr\/da\/wp-json\/wp\/v2\/product_brand?post=10525"},{"taxonomy":"product_cat","embeddable":true,"href":"https:\/\/mo-mo.gr\/da\/wp-json\/wp\/v2\/product_cat?post=10525"},{"taxonomy":"product_tag","embeddable":true,"href":"https:\/\/mo-mo.gr\/da\/wp-json\/wp\/v2\/product_tag?post=10525"}],"curies":[{"name":"wp","href":"https:\/\/api.w.org\/{rel}","templated":true}]}}