{"id":10521,"date":"2024-03-16T15:46:10","date_gmt":"2024-03-16T15:46:10","guid":{"rendered":"https:\/\/mo-mo.gr\/product\/%ce%b9%ce%b1%cf%80%cf%89%ce%bd%ce%b9%ce%ba%ce%ae-%cf%84%cf%83%ce%ac%ce%bd%cf%84%ce%b1-tote-worth-place\/"},"modified":"2026-04-02T19:59:09","modified_gmt":"2026-04-02T16:59:09","slug":"%ce%b9%ce%b1%cf%80%cf%89%ce%bd%ce%b9%ce%ba%ce%ae-%cf%84%cf%83%ce%ac%ce%bd%cf%84%ce%b1-tote-worth-place","status":"publish","type":"product","link":"https:\/\/mo-mo.gr\/da\/\u03c0\u03c1\u03bf\u03ca\u03cc\u03bd\u03c4\u03b1\/%ce%b9%ce%b1%cf%80%cf%89%ce%bd%ce%b9%ce%ba%ce%ae-%cf%84%cf%83%ce%ac%ce%bd%cf%84%ce%b1-tote-worth-place\/","title":{"rendered":"Japansk tote bag Worth Place"},"content":{"rendered":"","protected":false},"excerpt":{"rendered":"<p>En japansk tote bag, elegant og moderne, lavet af slidst\u00e6rkt sort kanvas, som er et ideelt valg til hverdagsbrug. P\u00e5 forsiden af tasken er der p\u00e5 japansk skrevet s\u00e6tningen \"Der er ingen genveje til noget sted, der er v\u00e6rd at g\u00e5 hen\". Den gr\u00f8nne skrifttype st\u00e5r i kontrast til den sorte baggrund og skaber en moderne og tidl\u00f8s \u00e6stetik. Tasken har et rummeligt indre og slidst\u00e6rke stropper, som g\u00f8r den ideel til at b\u00e6re dine hverdagsting med stil og mening. Denne tote bag er en kombination af praktisk anvendelighed og inspiration, der passer til enhver lejlighed.<\/p>","protected":false},"featured_media":12157,"comment_status":"open","ping_status":"closed","template":"","meta":{"_gspb_post_css":""},"product_brand":[],"product_cat":[76],"product_tag":[],"class_list":{"0":"post-10521","1":"product","2":"type-product","3":"status-publish","4":"has-post-thumbnail","6":"product_cat-totes","7":"pa_-85","9":"first","10":"instock","11":"taxable","12":"shipping-taxable","13":"purchasable","14":"product-type-simple"},"_links":{"self":[{"href":"https:\/\/mo-mo.gr\/da\/wp-json\/wp\/v2\/product\/10521","targetHints":{"allow":["GET"]}}],"collection":[{"href":"https:\/\/mo-mo.gr\/da\/wp-json\/wp\/v2\/product"}],"about":[{"href":"https:\/\/mo-mo.gr\/da\/wp-json\/wp\/v2\/types\/product"}],"replies":[{"embeddable":true,"href":"https:\/\/mo-mo.gr\/da\/wp-json\/wp\/v2\/comments?post=10521"}],"wp:featuredmedia":[{"embeddable":true,"href":"https:\/\/mo-mo.gr\/da\/wp-json\/wp\/v2\/media\/12157"}],"wp:attachment":[{"href":"https:\/\/mo-mo.gr\/da\/wp-json\/wp\/v2\/media?parent=10521"}],"wp:term":[{"taxonomy":"product_brand","embeddable":true,"href":"https:\/\/mo-mo.gr\/da\/wp-json\/wp\/v2\/product_brand?post=10521"},{"taxonomy":"product_cat","embeddable":true,"href":"https:\/\/mo-mo.gr\/da\/wp-json\/wp\/v2\/product_cat?post=10521"},{"taxonomy":"product_tag","embeddable":true,"href":"https:\/\/mo-mo.gr\/da\/wp-json\/wp\/v2\/product_tag?post=10521"}],"curies":[{"name":"wp","href":"https:\/\/api.w.org\/{rel}","templated":true}]}}