{"id":10511,"date":"2024-03-16T10:35:12","date_gmt":"2024-03-16T10:35:12","guid":{"rendered":"https:\/\/mo-mo.gr\/product\/japanese-apron-chopsticks\/"},"modified":"2024-12-12T14:45:49","modified_gmt":"2024-12-12T14:45:49","slug":"japansk-forklaede-spisepinde","status":"publish","type":"product","link":"https:\/\/mo-mo.gr\/da\/\u03c0\u03c1\u03bf\u03ca\u03cc\u03bd\u03c4\u03b1\/japanese-apron-chopsticks\/","title":{"rendered":"JAPANSK FORKL\u00c6DE SPISEPINDE"},"content":{"rendered":"","protected":false},"excerpt":{"rendered":"<p>Japansk forkl\u00e6de med spisepinde. Det h\u00e5ndlavede japanske forkl\u00e6de med spisepinde giver en unik stil og funktionalitet til dit k\u00f8kken. Forkl\u00e6det er lavet med fokus p\u00e5 detaljer og materialer af h\u00f8j kvalitet og kombinerer tradition med moderne design.<\/p>\n<p>M\u00f8nsteret af spisepinde, der er afbildet i en r\u00f8d cirkel, udstr\u00e5ler en f\u00f8lelse af japansk tradition og \u00f8stlig kultur. Farven r\u00f8d symboliserer held og lykke i japansk tradition, hvilket g\u00f8r dette forkl\u00e6de til ikke bare et k\u00f8kkentilbeh\u00f8r, men ogs\u00e5 et charmerende dekorativt element.<\/p>\n<p>Konstruktionen af h\u00f8j kvalitet sikrer forkl\u00e6dets styrke og holdbarhed, hvilket g\u00f8r det velegnet til daglig brug i k\u00f8kkenet. Uanset om du laver mad eller serverer, vil dette forkl\u00e6de beskytte dit t\u00f8j med stil og lethed. Fremh\u00e6v Japans \u00e6stetik og \u00e5nd i dit k\u00f8kken med dette sofistikerede h\u00e5ndlavede forkl\u00e6de.<\/p>","protected":false},"featured_media":12149,"comment_status":"open","ping_status":"open","template":"","meta":{"_gspb_post_css":""},"product_brand":[],"product_cat":[78],"product_tag":[],"class_list":{"0":"post-10511","1":"product","2":"type-product","3":"status-publish","4":"has-post-thumbnail","6":"product_cat-78","8":"first","9":"instock","10":"taxable","11":"shipping-taxable","12":"purchasable","13":"product-type-simple"},"_links":{"self":[{"href":"https:\/\/mo-mo.gr\/da\/wp-json\/wp\/v2\/product\/10511","targetHints":{"allow":["GET"]}}],"collection":[{"href":"https:\/\/mo-mo.gr\/da\/wp-json\/wp\/v2\/product"}],"about":[{"href":"https:\/\/mo-mo.gr\/da\/wp-json\/wp\/v2\/types\/product"}],"replies":[{"embeddable":true,"href":"https:\/\/mo-mo.gr\/da\/wp-json\/wp\/v2\/comments?post=10511"}],"wp:featuredmedia":[{"embeddable":true,"href":"https:\/\/mo-mo.gr\/da\/wp-json\/wp\/v2\/media\/12149"}],"wp:attachment":[{"href":"https:\/\/mo-mo.gr\/da\/wp-json\/wp\/v2\/media?parent=10511"}],"wp:term":[{"taxonomy":"product_brand","embeddable":true,"href":"https:\/\/mo-mo.gr\/da\/wp-json\/wp\/v2\/product_brand?post=10511"},{"taxonomy":"product_cat","embeddable":true,"href":"https:\/\/mo-mo.gr\/da\/wp-json\/wp\/v2\/product_cat?post=10511"},{"taxonomy":"product_tag","embeddable":true,"href":"https:\/\/mo-mo.gr\/da\/wp-json\/wp\/v2\/product_tag?post=10511"}],"curies":[{"name":"wp","href":"https:\/\/api.w.org\/{rel}","templated":true}]}}