{"id":10505,"date":"2024-03-16T10:31:58","date_gmt":"2024-03-16T10:31:58","guid":{"rendered":"https:\/\/mo-mo.gr\/product\/japanese-apron-koi-fish-white\/"},"modified":"2024-12-12T14:45:47","modified_gmt":"2024-12-12T14:45:47","slug":"japansk-forklaede-koi-fisk-hvid","status":"publish","type":"product","link":"https:\/\/mo-mo.gr\/da\/\u03c0\u03c1\u03bf\u03ca\u03cc\u03bd\u03c4\u03b1\/japanese-apron-koi-fish-white\/","title":{"rendered":"JAPANSK FORKL\u00c6DE KOI FISK HVID"},"content":{"rendered":"","protected":false},"excerpt":{"rendered":"<p>JAPANSK FORKL\u00c6DE KOI FISH HVID: Det h\u00e5ndlavede japanske forkl\u00e6de med en hvid koi udstr\u00e5ler en f\u00f8lelse af ro og sk\u00f8nhed, som afspejler den japanske kulturs \u00e6stetik og spiritualitet. Hvert forkl\u00e6de er unikt og skabt med sans for detaljer, der p\u00e5 enest\u00e5ende vis indfanger koiens sk\u00f8nhed.<\/p>\n<p>Den hvide koi symboliserer renhed og frihed, mens dens billede kommunikerer en f\u00f8lelse af ro og harmoni. Dette forkl\u00e6de er en vidunderlig m\u00e5de at bringe et stykke japansk natur ind i din hverdag, samtidig med at det giver beskyttelse og er praktisk under dine daglige aktiviteter.<\/p>\n<p>Forkl\u00e6det er lavet af stof af h\u00f8j kvalitet og omhyggeligt h\u00e5ndtrykt og giver b\u00e6reren en unik oplevelse. Uanset om du bruger det i k\u00f8kkenet eller under dine h\u00e5ndv\u00e6rksaktiviteter, vil dette forkl\u00e6de blive din foretrukne f\u00f8lgesvend med sin unikke stil og kvalitet.<\/p>","protected":false},"featured_media":12144,"comment_status":"open","ping_status":"open","template":"","meta":{"_gspb_post_css":""},"product_brand":[],"product_cat":[78],"product_tag":[],"class_list":{"0":"post-10505","1":"product","2":"type-product","3":"status-publish","4":"has-post-thumbnail","6":"product_cat-78","8":"first","9":"instock","10":"taxable","11":"shipping-taxable","12":"purchasable","13":"product-type-simple"},"_links":{"self":[{"href":"https:\/\/mo-mo.gr\/da\/wp-json\/wp\/v2\/product\/10505","targetHints":{"allow":["GET"]}}],"collection":[{"href":"https:\/\/mo-mo.gr\/da\/wp-json\/wp\/v2\/product"}],"about":[{"href":"https:\/\/mo-mo.gr\/da\/wp-json\/wp\/v2\/types\/product"}],"replies":[{"embeddable":true,"href":"https:\/\/mo-mo.gr\/da\/wp-json\/wp\/v2\/comments?post=10505"}],"wp:featuredmedia":[{"embeddable":true,"href":"https:\/\/mo-mo.gr\/da\/wp-json\/wp\/v2\/media\/12144"}],"wp:attachment":[{"href":"https:\/\/mo-mo.gr\/da\/wp-json\/wp\/v2\/media?parent=10505"}],"wp:term":[{"taxonomy":"product_brand","embeddable":true,"href":"https:\/\/mo-mo.gr\/da\/wp-json\/wp\/v2\/product_brand?post=10505"},{"taxonomy":"product_cat","embeddable":true,"href":"https:\/\/mo-mo.gr\/da\/wp-json\/wp\/v2\/product_cat?post=10505"},{"taxonomy":"product_tag","embeddable":true,"href":"https:\/\/mo-mo.gr\/da\/wp-json\/wp\/v2\/product_tag?post=10505"}],"curies":[{"name":"wp","href":"https:\/\/api.w.org\/{rel}","templated":true}]}}