{"id":10500,"date":"2024-03-16T10:30:46","date_gmt":"2024-03-16T10:30:46","guid":{"rendered":"https:\/\/mo-mo.gr\/product\/japanese-apron-koi-fish-red-white\/"},"modified":"2024-12-12T14:45:45","modified_gmt":"2024-12-12T14:45:45","slug":"japansk-forklaede-koi-fisk-rod-hvid","status":"publish","type":"product","link":"https:\/\/mo-mo.gr\/da\/\u03c0\u03c1\u03bf\u03ca\u03cc\u03bd\u03c4\u03b1\/japanese-apron-koi-fish-red-white\/","title":{"rendered":"JAPANSK FORKL\u00c6DE KOI FISK R\u00d8D HVID"},"content":{"rendered":"","protected":false},"excerpt":{"rendered":"<p>Japansk forkl\u00e6de lavet af bomuldsstof.<\/p>\n<p>Det h\u00e5ndlavede japanske forkl\u00e6de, der forestiller to koi, fremh\u00e6ver den japanske traditions elegance og \u00e6stetik. De to koi, der er afbildet p\u00e5 forkl\u00e6det, repr\u00e6senterer den evige sk\u00f8nhed og fred, som den japanske kultur bringer. De levende farver og detaljer i designet fremh\u00e6ver koiernes livlighed og bev\u00e6gelse og giver en f\u00f8lelse af k\u00f8lighed og ro.<\/p>\n<p>Kvaliteten af materialerne og den omhyggelige konstruktion af hvert forkl\u00e6de sikrer dets holdbarhed og slidstyrke. Det er det perfekte valg for dem, der leder efter et stilfuldt og praktisk tilbeh\u00f8r, som viser deres k\u00e6rlighed til japansk tradition og kunst.<\/p>\n<p>Forkl\u00e6det er et unikt kunstv\u00e6rk, der kan bruges i ethvert k\u00f8kken eller v\u00e6rksted, og som tilf\u00f8rer et strejf af autenticitet og elegance til ethvert rum.<\/p>","protected":false},"featured_media":12140,"comment_status":"open","ping_status":"open","template":"","meta":{"_gspb_post_css":""},"product_brand":[],"product_cat":[78],"product_tag":[],"class_list":{"0":"post-10500","1":"product","2":"type-product","3":"status-publish","4":"has-post-thumbnail","6":"product_cat-78","8":"first","9":"instock","10":"taxable","11":"shipping-taxable","12":"purchasable","13":"product-type-simple"},"_links":{"self":[{"href":"https:\/\/mo-mo.gr\/da\/wp-json\/wp\/v2\/product\/10500","targetHints":{"allow":["GET"]}}],"collection":[{"href":"https:\/\/mo-mo.gr\/da\/wp-json\/wp\/v2\/product"}],"about":[{"href":"https:\/\/mo-mo.gr\/da\/wp-json\/wp\/v2\/types\/product"}],"replies":[{"embeddable":true,"href":"https:\/\/mo-mo.gr\/da\/wp-json\/wp\/v2\/comments?post=10500"}],"wp:featuredmedia":[{"embeddable":true,"href":"https:\/\/mo-mo.gr\/da\/wp-json\/wp\/v2\/media\/12140"}],"wp:attachment":[{"href":"https:\/\/mo-mo.gr\/da\/wp-json\/wp\/v2\/media?parent=10500"}],"wp:term":[{"taxonomy":"product_brand","embeddable":true,"href":"https:\/\/mo-mo.gr\/da\/wp-json\/wp\/v2\/product_brand?post=10500"},{"taxonomy":"product_cat","embeddable":true,"href":"https:\/\/mo-mo.gr\/da\/wp-json\/wp\/v2\/product_cat?post=10500"},{"taxonomy":"product_tag","embeddable":true,"href":"https:\/\/mo-mo.gr\/da\/wp-json\/wp\/v2\/product_tag?post=10500"}],"curies":[{"name":"wp","href":"https:\/\/api.w.org\/{rel}","templated":true}]}}