{"id":10494,"date":"2024-03-16T10:29:43","date_gmt":"2024-03-16T10:29:43","guid":{"rendered":"https:\/\/mo-mo.gr\/product\/japanese-apron-koi-fish-blue\/"},"modified":"2024-12-12T14:45:43","modified_gmt":"2024-12-12T14:45:43","slug":"japansk-forklaede-koi-fisk-bla","status":"publish","type":"product","link":"https:\/\/mo-mo.gr\/da\/\u03c0\u03c1\u03bf\u03ca\u03cc\u03bd\u03c4\u03b1\/japanese-apron-koi-fish-blue\/","title":{"rendered":"JAPANSK FORKL\u00c6DE KOI-FISK BL\u00c5"},"content":{"rendered":"","protected":false},"excerpt":{"rendered":"<p>Japansk forkl\u00e6de Bl\u00e5 Koi.<\/p>\n<p>Det h\u00e5ndlavede japanske forkl\u00e6de, der forestiller en bl\u00e5 koi, udstr\u00e5ler en aura af autenticitet og elegance. Forkl\u00e6det er fremstillet med sans for detaljer og omhu og er et unikt kunstv\u00e6rk, der viser den japanske kulturs sk\u00f8nhed og rige tradition.<\/p>\n<p>Den bl\u00e5 koi, som er et symbol p\u00e5 harmoni og lykke i japansk tradition, dukker op med levende farver og detaljerede linjer p\u00e5 forkl\u00e6dets overflade. Den bl\u00e5 kois \u00e6stetik er kombineret med stoffets bl\u00f8dhed og holdbarhed, hvilket skaber et holdbart og praktisk stykke t\u00f8j, der kan bruges dagligt.<\/p>\n<p>Det japanske forkl\u00e6de har justerbare stropper, der giver en behagelig pasform og tilpasning til enhver kropstype. Det er ideelt til at beskytte dit t\u00f8j, mens du laver mad, arbejder i haven eller endda til brug i et professionelt milj\u00f8.<\/p>\n<p>Alt i alt er det h\u00e5ndlavede japanske bl\u00e5 koi-forkl\u00e6de en sofistikeret kombination af tradition og funktionalitet, der giver stil og praktisk anvendelighed i alle sammenh\u00e6nge.<\/p>","protected":false},"featured_media":12135,"comment_status":"open","ping_status":"open","template":"","meta":{"_gspb_post_css":""},"product_brand":[],"product_cat":[78],"product_tag":[],"class_list":{"0":"post-10494","1":"product","2":"type-product","3":"status-publish","4":"has-post-thumbnail","6":"product_cat-78","8":"first","9":"instock","10":"taxable","11":"shipping-taxable","12":"purchasable","13":"product-type-simple"},"_links":{"self":[{"href":"https:\/\/mo-mo.gr\/da\/wp-json\/wp\/v2\/product\/10494","targetHints":{"allow":["GET"]}}],"collection":[{"href":"https:\/\/mo-mo.gr\/da\/wp-json\/wp\/v2\/product"}],"about":[{"href":"https:\/\/mo-mo.gr\/da\/wp-json\/wp\/v2\/types\/product"}],"replies":[{"embeddable":true,"href":"https:\/\/mo-mo.gr\/da\/wp-json\/wp\/v2\/comments?post=10494"}],"wp:featuredmedia":[{"embeddable":true,"href":"https:\/\/mo-mo.gr\/da\/wp-json\/wp\/v2\/media\/12135"}],"wp:attachment":[{"href":"https:\/\/mo-mo.gr\/da\/wp-json\/wp\/v2\/media?parent=10494"}],"wp:term":[{"taxonomy":"product_brand","embeddable":true,"href":"https:\/\/mo-mo.gr\/da\/wp-json\/wp\/v2\/product_brand?post=10494"},{"taxonomy":"product_cat","embeddable":true,"href":"https:\/\/mo-mo.gr\/da\/wp-json\/wp\/v2\/product_cat?post=10494"},{"taxonomy":"product_tag","embeddable":true,"href":"https:\/\/mo-mo.gr\/da\/wp-json\/wp\/v2\/product_tag?post=10494"}],"curies":[{"name":"wp","href":"https:\/\/api.w.org\/{rel}","templated":true}]}}