{"id":10489,"date":"2024-03-16T10:27:33","date_gmt":"2024-03-16T10:27:33","guid":{"rendered":"https:\/\/mo-mo.gr\/product\/japanese-apron-koi-fish-pink\/"},"modified":"2024-12-12T14:45:41","modified_gmt":"2024-12-12T14:45:41","slug":"japansk-forklaede-koi-fisk-pink","status":"publish","type":"product","link":"https:\/\/mo-mo.gr\/da\/\u03c0\u03c1\u03bf\u03ca\u03cc\u03bd\u03c4\u03b1\/japanese-apron-koi-fish-pink\/","title":{"rendered":"JAPANSK FORKL\u00c6DE KOI-FISK PINK"},"content":{"rendered":"","protected":false},"excerpt":{"rendered":"<p>JAPANESE APRON APRON KOI FISH PINK: Det h\u00e5ndlavede japanske forkl\u00e6de med billedet af en pink koi er et imponerende stykke arbejde, der fremh\u00e6ver sk\u00f8nheden og \u00e6stetikken i den japanske tradition. Forkl\u00e6det er fremstillet med omhu og sans for detaljer og repr\u00e6senterer Japans \u00e6stetik og k\u00e6rlighed til naturen.<\/p>\n<p>Den lyser\u00f8de koi, som er et symbol p\u00e5 lykke, dukker op af vandet med en f\u00f8lelse af fred og ro. Billedet af koien p\u00e5 forkl\u00e6det er en skarp p\u00e5mindelse om den lethed og sk\u00f8nhed, som naturen tilbyder.<\/p>\n<p>Forkl\u00e6det giver ikke kun beskyttelse mod v\u00e6sker og pletter, men ogs\u00e5 en f\u00f8lelse af japansk kultur og tradition. Hver gang du har det p\u00e5, f\u00f8ler du, at du er forbundet med Japans sk\u00f8nhed og naturens harmoni.<\/p>\n<p>Alt i alt er det japanske pink koi-forkl\u00e6de et sofistikeret og unikt tilbeh\u00f8r, som ikke kun er praktisk, men ogs\u00e5 giver en dosis sk\u00f8nhed og kultur til ethvert look.<\/p>","protected":false},"featured_media":12131,"comment_status":"open","ping_status":"open","template":"","meta":{"_gspb_post_css":""},"product_brand":[],"product_cat":[78],"product_tag":[],"class_list":{"0":"post-10489","1":"product","2":"type-product","3":"status-publish","4":"has-post-thumbnail","6":"product_cat-78","8":"first","9":"instock","10":"taxable","11":"shipping-taxable","12":"purchasable","13":"product-type-simple"},"_links":{"self":[{"href":"https:\/\/mo-mo.gr\/da\/wp-json\/wp\/v2\/product\/10489","targetHints":{"allow":["GET"]}}],"collection":[{"href":"https:\/\/mo-mo.gr\/da\/wp-json\/wp\/v2\/product"}],"about":[{"href":"https:\/\/mo-mo.gr\/da\/wp-json\/wp\/v2\/types\/product"}],"replies":[{"embeddable":true,"href":"https:\/\/mo-mo.gr\/da\/wp-json\/wp\/v2\/comments?post=10489"}],"wp:featuredmedia":[{"embeddable":true,"href":"https:\/\/mo-mo.gr\/da\/wp-json\/wp\/v2\/media\/12131"}],"wp:attachment":[{"href":"https:\/\/mo-mo.gr\/da\/wp-json\/wp\/v2\/media?parent=10489"}],"wp:term":[{"taxonomy":"product_brand","embeddable":true,"href":"https:\/\/mo-mo.gr\/da\/wp-json\/wp\/v2\/product_brand?post=10489"},{"taxonomy":"product_cat","embeddable":true,"href":"https:\/\/mo-mo.gr\/da\/wp-json\/wp\/v2\/product_cat?post=10489"},{"taxonomy":"product_tag","embeddable":true,"href":"https:\/\/mo-mo.gr\/da\/wp-json\/wp\/v2\/product_tag?post=10489"}],"curies":[{"name":"wp","href":"https:\/\/api.w.org\/{rel}","templated":true}]}}