{"id":10484,"date":"2024-03-16T10:26:14","date_gmt":"2024-03-16T10:26:14","guid":{"rendered":"https:\/\/mo-mo.gr\/product\/japanese-apron-koi-fish-green\/"},"modified":"2024-12-12T14:45:40","modified_gmt":"2024-12-12T14:45:40","slug":"japansk-forklaede-koi-fisk-gron","status":"publish","type":"product","link":"https:\/\/mo-mo.gr\/da\/\u03c0\u03c1\u03bf\u03ca\u03cc\u03bd\u03c4\u03b1\/japanese-apron-koi-fish-green\/","title":{"rendered":"JAPANSK FORKL\u00c6DE KOI FISK GR\u00d8N"},"content":{"rendered":"","protected":false},"excerpt":{"rendered":"<p>JAPANSK FORKL\u00c6DE KOI FISH GR\u00d8N: Det h\u00e5ndlavede japanske forkl\u00e6de med en gr\u00f8n koi er et elegant og funktionelt tilbeh\u00f8r, der viser sk\u00f8nheden og \u00e6stetikken i den japanske tradition. Hvert forkl\u00e6de er h\u00e5ndlavet og dekoreret med en line\u00e6r lille gr\u00f8n koi.<\/p>\n<p>Den gr\u00f8nne eg repr\u00e6senterer modstandskraft, opblomstring og udholdenhed i japansk kultur, da det er en fisk, der symboliserer succes og velstand. Egetr\u00e6ets livlige tilstedev\u00e6relse giver forkl\u00e6det et strejf af friskhed og vitalitet, mens den gr\u00f8nne nuance bringer naturens energi og fred frem.<\/p>\n<p>Anvendelsen af dette forkl\u00e6de er alsidig og praktisk, da det beskytter mod regn og snavs under daglige aktiviteter. Det er ideelt til brug i k\u00f8kkenet, haven, v\u00e6rkstedet eller ethvert andet milj\u00f8, hvor beskyttelse er afg\u00f8rende, og \u00e6stetik er vigtig.<\/p>","protected":false},"featured_media":12127,"comment_status":"open","ping_status":"open","template":"","meta":{"_gspb_post_css":""},"product_brand":[],"product_cat":[78],"product_tag":[],"class_list":{"0":"post-10484","1":"product","2":"type-product","3":"status-publish","4":"has-post-thumbnail","6":"product_cat-78","8":"first","9":"instock","10":"taxable","11":"shipping-taxable","12":"purchasable","13":"product-type-simple"},"_links":{"self":[{"href":"https:\/\/mo-mo.gr\/da\/wp-json\/wp\/v2\/product\/10484","targetHints":{"allow":["GET"]}}],"collection":[{"href":"https:\/\/mo-mo.gr\/da\/wp-json\/wp\/v2\/product"}],"about":[{"href":"https:\/\/mo-mo.gr\/da\/wp-json\/wp\/v2\/types\/product"}],"replies":[{"embeddable":true,"href":"https:\/\/mo-mo.gr\/da\/wp-json\/wp\/v2\/comments?post=10484"}],"wp:featuredmedia":[{"embeddable":true,"href":"https:\/\/mo-mo.gr\/da\/wp-json\/wp\/v2\/media\/12127"}],"wp:attachment":[{"href":"https:\/\/mo-mo.gr\/da\/wp-json\/wp\/v2\/media?parent=10484"}],"wp:term":[{"taxonomy":"product_brand","embeddable":true,"href":"https:\/\/mo-mo.gr\/da\/wp-json\/wp\/v2\/product_brand?post=10484"},{"taxonomy":"product_cat","embeddable":true,"href":"https:\/\/mo-mo.gr\/da\/wp-json\/wp\/v2\/product_cat?post=10484"},{"taxonomy":"product_tag","embeddable":true,"href":"https:\/\/mo-mo.gr\/da\/wp-json\/wp\/v2\/product_tag?post=10484"}],"curies":[{"name":"wp","href":"https:\/\/api.w.org\/{rel}","templated":true}]}}