{"id":10478,"date":"2024-03-16T10:25:01","date_gmt":"2024-03-16T10:25:01","guid":{"rendered":"https:\/\/mo-mo.gr\/product\/japanese-apron-koi-fish-in-red-round\/"},"modified":"2024-12-12T14:45:37","modified_gmt":"2024-12-12T14:45:37","slug":"japansk-forklaede-koi-fisk-i-rod-rund","status":"publish","type":"product","link":"https:\/\/mo-mo.gr\/da\/\u03c0\u03c1\u03bf\u03ca\u03cc\u03bd\u03c4\u03b1\/japanese-apron-koi-fish-in-red-round\/","title":{"rendered":"JAPANSK FORKL\u00c6DE KOI FISK I R\u00d8D RUND"},"content":{"rendered":"","protected":false},"excerpt":{"rendered":"<p>JAPANSK FORKL\u00c6DE KOI FISK I R\u00d8D CIRKEL: Det h\u00e5ndlavede japanske forkl\u00e6de med et billede af to koi i en r\u00f8d cirkel er et unikt stykke arbejde, der fremh\u00e6ver sk\u00f8nheden og traditionen i japansk kunst. Forkl\u00e6det er fremstillet med omhu af stof af h\u00f8j kvalitet og har en r\u00f8d cirkel, der danner grundlag for billederne af de to koi.<\/p>\n<p>De to koi er et symbolsk billede i japansk tradition, der repr\u00e6senterer harmoni og enhed. Deres detaljerede linjer og levende farver giver forkl\u00e6det en stemning af liv og bev\u00e6gelse.<\/p>\n<p>Dette forkl\u00e6de er ikke kun et yderst funktionelt tilbeh\u00f8r til k\u00f8kkenet eller v\u00e6rkstedet, men ogs\u00e5 en elegant genstand, der kan bruges til at tilf\u00f8je et strejf af tradition og \u00e6stetik til ethvert rum. Med sin enest\u00e5ende kvalitet og sit unikke udseende er dette h\u00e5ndlavede japanske forkl\u00e6de en integreret del af japansk tradition og kunst.<\/p>","protected":false},"featured_media":12122,"comment_status":"open","ping_status":"open","template":"","meta":{"_gspb_post_css":""},"product_brand":[],"product_cat":[78],"product_tag":[],"class_list":{"0":"post-10478","1":"product","2":"type-product","3":"status-publish","4":"has-post-thumbnail","6":"product_cat-78","8":"first","9":"instock","10":"taxable","11":"shipping-taxable","12":"purchasable","13":"product-type-simple"},"_links":{"self":[{"href":"https:\/\/mo-mo.gr\/da\/wp-json\/wp\/v2\/product\/10478","targetHints":{"allow":["GET"]}}],"collection":[{"href":"https:\/\/mo-mo.gr\/da\/wp-json\/wp\/v2\/product"}],"about":[{"href":"https:\/\/mo-mo.gr\/da\/wp-json\/wp\/v2\/types\/product"}],"replies":[{"embeddable":true,"href":"https:\/\/mo-mo.gr\/da\/wp-json\/wp\/v2\/comments?post=10478"}],"wp:featuredmedia":[{"embeddable":true,"href":"https:\/\/mo-mo.gr\/da\/wp-json\/wp\/v2\/media\/12122"}],"wp:attachment":[{"href":"https:\/\/mo-mo.gr\/da\/wp-json\/wp\/v2\/media?parent=10478"}],"wp:term":[{"taxonomy":"product_brand","embeddable":true,"href":"https:\/\/mo-mo.gr\/da\/wp-json\/wp\/v2\/product_brand?post=10478"},{"taxonomy":"product_cat","embeddable":true,"href":"https:\/\/mo-mo.gr\/da\/wp-json\/wp\/v2\/product_cat?post=10478"},{"taxonomy":"product_tag","embeddable":true,"href":"https:\/\/mo-mo.gr\/da\/wp-json\/wp\/v2\/product_tag?post=10478"}],"curies":[{"name":"wp","href":"https:\/\/api.w.org\/{rel}","templated":true}]}}