{"id":10465,"date":"2024-03-15T11:33:39","date_gmt":"2024-03-15T11:33:39","guid":{"rendered":"https:\/\/mo-mo.gr\/product\/hairpin-%ce%b1%cf%80%cf%8c-%ce%be%cf%8d%ce%bb%ce%bf-%ce%bc%ce%b5-%ce%ba%cf%8c%ce%ba%ce%ba%ce%b9%ce%bd%ce%b1-%ce%bb%ce%bf%cf%85%ce%bb%ce%bf%cf%8d%ce%b4%ce%b9%ce%b1\/"},"modified":"2025-02-08T16:22:39","modified_gmt":"2025-02-08T14:22:39","slug":"hairpin-%ce%b1%cf%80%cf%8c-%ce%be%cf%8d%ce%bb%ce%bf-%ce%bc%ce%b5-%ce%ba%cf%8c%ce%ba%ce%ba%ce%b9%ce%bd%ce%b1-%ce%bb%ce%bf%cf%85%ce%bb%ce%bf%cf%8d%ce%b4%ce%b9%ce%b1","status":"publish","type":"product","link":"https:\/\/mo-mo.gr\/da\/\u03c0\u03c1\u03bf\u03ca\u03cc\u03bd\u03c4\u03b1\/hairpin-%ce%b1%cf%80%cf%8c-%ce%be%cf%8d%ce%bb%ce%bf-%ce%bc%ce%b5-%ce%ba%cf%8c%ce%ba%ce%ba%ce%b9%ce%bd%ce%b1-%ce%bb%ce%bf%cf%85%ce%bb%ce%bf%cf%8d%ce%b4%ce%b9%ce%b1\/","title":{"rendered":"H\u00e5rn\u00e5l af tr\u00e6 med r\u00f8de blomster"},"content":{"rendered":"","protected":false},"excerpt":{"rendered":"<p>En s\u00e6rlig japansk **h\u00e5rn\u00e5l** (h\u00e5rn\u00e5l eller h\u00e5rsp\u00e6nde) i tr\u00e6 med fokus p\u00e5 detaljer, dekoreret med elegante r\u00f8de blomster, der giver en f\u00f8lelse af elegance og raffinement. Basens naturlige tr\u00e6 er blevet omhyggeligt behandlet med bl\u00f8de kurver og en blank finish for at bevare den traditionelle struktur. Blomster i knaldr\u00f8d, der symboliserer sk\u00f8nhed og ynde, er omhyggeligt placeret p\u00e5 toppen, mens bladdetaljer i guldfarver titter frem mellem dem. Denne h\u00e5rn\u00e5l kan bruges b\u00e5de til hverdag og ved mere formelle lejligheder og giver din stil et strejf af tradition og charme.<\/p>","protected":false},"featured_media":12112,"comment_status":"open","ping_status":"open","template":"","meta":{"_gspb_post_css":""},"product_brand":[],"product_cat":[68],"product_tag":[],"class_list":{"0":"post-10465","1":"product","2":"type-product","3":"status-publish","4":"has-post-thumbnail","6":"product_cat-68","8":"first","9":"outofstock","10":"taxable","11":"shipping-taxable","12":"purchasable","13":"product-type-simple"},"_links":{"self":[{"href":"https:\/\/mo-mo.gr\/da\/wp-json\/wp\/v2\/product\/10465","targetHints":{"allow":["GET"]}}],"collection":[{"href":"https:\/\/mo-mo.gr\/da\/wp-json\/wp\/v2\/product"}],"about":[{"href":"https:\/\/mo-mo.gr\/da\/wp-json\/wp\/v2\/types\/product"}],"replies":[{"embeddable":true,"href":"https:\/\/mo-mo.gr\/da\/wp-json\/wp\/v2\/comments?post=10465"}],"wp:featuredmedia":[{"embeddable":true,"href":"https:\/\/mo-mo.gr\/da\/wp-json\/wp\/v2\/media\/12112"}],"wp:attachment":[{"href":"https:\/\/mo-mo.gr\/da\/wp-json\/wp\/v2\/media?parent=10465"}],"wp:term":[{"taxonomy":"product_brand","embeddable":true,"href":"https:\/\/mo-mo.gr\/da\/wp-json\/wp\/v2\/product_brand?post=10465"},{"taxonomy":"product_cat","embeddable":true,"href":"https:\/\/mo-mo.gr\/da\/wp-json\/wp\/v2\/product_cat?post=10465"},{"taxonomy":"product_tag","embeddable":true,"href":"https:\/\/mo-mo.gr\/da\/wp-json\/wp\/v2\/product_tag?post=10465"}],"curies":[{"name":"wp","href":"https:\/\/api.w.org\/{rel}","templated":true}]}}