{"id":10457,"date":"2024-03-12T13:11:20","date_gmt":"2024-03-12T13:11:20","guid":{"rendered":"https:\/\/mo-mo.gr\/product\/big-cosmetics-pouch-with-gingo-canva\/"},"modified":"2025-12-09T15:40:45","modified_gmt":"2025-12-09T13:40:45","slug":"stor-kosmetikpung-med-gingo-canva","status":"publish","type":"product","link":"https:\/\/mo-mo.gr\/da\/\u03c0\u03c1\u03bf\u03ca\u03cc\u03bd\u03c4\u03b1\/big-cosmetics-pouch-with-gingo-canva\/","title":{"rendered":"STOR KOSMETIKPUNG MED GINGO CANVA"},"content":{"rendered":"","protected":false},"excerpt":{"rendered":"<p>BIG COSMETICS POUCH er et fremragende valg til at opbevare din kosmetik med stil og funktionalitet. Tasken er lavet af japansk l\u00e6rred af h\u00f8j kvalitet og har broderede Gingo-motiver, som giver den en unik \u00e6stetik, der afspejler den japanske kunsts spiritualitet og elegance. Den m\u00e5ler 24\u00d716 cm og har plads nok til at rumme alle dine sk\u00f8nhedsprodukter. Dette praktiske tilbeh\u00f8r er ideelt til hverdagsbrug eller rejser og giver dig stil og funktionalitet hele vejen rundt.<\/p>","protected":false},"featured_media":12106,"comment_status":"open","ping_status":"closed","template":"","meta":{"_gspb_post_css":""},"product_brand":[],"product_cat":[68],"product_tag":[],"class_list":{"0":"post-10457","1":"product","2":"type-product","3":"status-publish","4":"has-post-thumbnail","6":"product_cat-68","8":"first","9":"outofstock","10":"taxable","11":"shipping-taxable","12":"purchasable","13":"product-type-simple"},"_links":{"self":[{"href":"https:\/\/mo-mo.gr\/da\/wp-json\/wp\/v2\/product\/10457","targetHints":{"allow":["GET"]}}],"collection":[{"href":"https:\/\/mo-mo.gr\/da\/wp-json\/wp\/v2\/product"}],"about":[{"href":"https:\/\/mo-mo.gr\/da\/wp-json\/wp\/v2\/types\/product"}],"replies":[{"embeddable":true,"href":"https:\/\/mo-mo.gr\/da\/wp-json\/wp\/v2\/comments?post=10457"}],"wp:featuredmedia":[{"embeddable":true,"href":"https:\/\/mo-mo.gr\/da\/wp-json\/wp\/v2\/media\/12106"}],"wp:attachment":[{"href":"https:\/\/mo-mo.gr\/da\/wp-json\/wp\/v2\/media?parent=10457"}],"wp:term":[{"taxonomy":"product_brand","embeddable":true,"href":"https:\/\/mo-mo.gr\/da\/wp-json\/wp\/v2\/product_brand?post=10457"},{"taxonomy":"product_cat","embeddable":true,"href":"https:\/\/mo-mo.gr\/da\/wp-json\/wp\/v2\/product_cat?post=10457"},{"taxonomy":"product_tag","embeddable":true,"href":"https:\/\/mo-mo.gr\/da\/wp-json\/wp\/v2\/product_tag?post=10457"}],"curies":[{"name":"wp","href":"https:\/\/api.w.org\/{rel}","templated":true}]}}