{"id":10411,"date":"2024-03-09T14:27:57","date_gmt":"2024-03-09T14:27:57","guid":{"rendered":"https:\/\/mo-mo.gr\/product\/res-jacquard-kombu-bag-japanese-knot-bag\/"},"modified":"2024-12-12T14:44:55","modified_gmt":"2024-12-12T14:44:55","slug":"res-jacquard-kombu-taske-japansk-knude-taske","status":"publish","type":"product","link":"https:\/\/mo-mo.gr\/da\/\u03c0\u03c1\u03bf\u03ca\u03cc\u03bd\u03c4\u03b1\/res-jacquard-kombu-bag-japanese-knot-bag\/","title":{"rendered":"RES JACQUARD KOMBU TASKE JAPANSK KNUDE TASKE"},"content":{"rendered":"","protected":false},"excerpt":{"rendered":"<p>Japansk KNOT BAG lavet af broderet satinjacquardstof og m\u00e5ler 22*16. En h\u00e5ndledstaske, der kan b\u00e6res p\u00e5 h\u00e5ndleddet og giver stil og sikkerhed!<\/p>","protected":false},"featured_media":12071,"comment_status":"open","ping_status":"open","template":"","meta":{"_gspb_post_css":""},"product_brand":[],"product_cat":[75],"product_tag":[],"class_list":{"0":"post-10411","1":"product","2":"type-product","3":"status-publish","4":"has-post-thumbnail","6":"product_cat-kinchaku-knot-bags","8":"first","9":"instock","10":"taxable","11":"shipping-taxable","12":"purchasable","13":"product-type-simple"},"_links":{"self":[{"href":"https:\/\/mo-mo.gr\/da\/wp-json\/wp\/v2\/product\/10411","targetHints":{"allow":["GET"]}}],"collection":[{"href":"https:\/\/mo-mo.gr\/da\/wp-json\/wp\/v2\/product"}],"about":[{"href":"https:\/\/mo-mo.gr\/da\/wp-json\/wp\/v2\/types\/product"}],"replies":[{"embeddable":true,"href":"https:\/\/mo-mo.gr\/da\/wp-json\/wp\/v2\/comments?post=10411"}],"wp:featuredmedia":[{"embeddable":true,"href":"https:\/\/mo-mo.gr\/da\/wp-json\/wp\/v2\/media\/12071"}],"wp:attachment":[{"href":"https:\/\/mo-mo.gr\/da\/wp-json\/wp\/v2\/media?parent=10411"}],"wp:term":[{"taxonomy":"product_brand","embeddable":true,"href":"https:\/\/mo-mo.gr\/da\/wp-json\/wp\/v2\/product_brand?post=10411"},{"taxonomy":"product_cat","embeddable":true,"href":"https:\/\/mo-mo.gr\/da\/wp-json\/wp\/v2\/product_cat?post=10411"},{"taxonomy":"product_tag","embeddable":true,"href":"https:\/\/mo-mo.gr\/da\/wp-json\/wp\/v2\/product_tag?post=10411"}],"curies":[{"name":"wp","href":"https:\/\/api.w.org\/{rel}","templated":true}]}}