{"id":10395,"date":"2024-03-07T21:43:30","date_gmt":"2024-03-07T21:43:30","guid":{"rendered":"https:\/\/mo-mo.gr\/product\/%cf%83%ce%ba%ce%bf%cf%85%ce%bb%ce%b1%cf%81%ce%af%ce%ba%ce%b9%ce%b1-%ce%b3%ce%b5%cf%81%ce%b1%ce%bd%cf%8c%cf%82-%ce%b2%ce%b5%ce%bd%cf%84%ce%ac%ce%bb%ce%b9%ce%b1\/"},"modified":"2025-01-17T11:46:55","modified_gmt":"2025-01-17T09:46:55","slug":"%cf%83%ce%ba%ce%bf%cf%85%ce%bb%ce%b1%cf%81%ce%af%ce%ba%ce%b9%ce%b1-%ce%b3%ce%b5%cf%81%ce%b1%ce%bd%cf%8c%cf%82-%ce%b2%ce%b5%ce%bd%cf%84%ce%ac%ce%bb%ce%b9%ce%b1","status":"publish","type":"product","link":"https:\/\/mo-mo.gr\/da\/\u03c0\u03c1\u03bf\u03ca\u03cc\u03bd\u03c4\u03b1\/%cf%83%ce%ba%ce%bf%cf%85%ce%bb%ce%b1%cf%81%ce%af%ce%ba%ce%b9%ce%b1-%ce%b3%ce%b5%cf%81%ce%b1%ce%bd%cf%8c%cf%82-%ce%b2%ce%b5%ce%bd%cf%84%ce%ac%ce%bb%ce%b9%ce%b1\/","title":{"rendered":"\u00d8reringe med tranevifte"},"content":{"rendered":"","protected":false},"excerpt":{"rendered":"<p>Disse japanske \u00f8reringe er et unikt valg for dem, der er p\u00e5 udkig efter elegant og unikt tilbeh\u00f8r. Den ene \u00f8rering er formet som en trane, et symbol p\u00e5 fred og held i den japanske kultur, kendt for sin sk\u00f8nhed og ynde. Den anden \u00f8rering er en detaljeret japansk vifte, et objekt, der forbindes med tradition, kvindelighed og kunstnerisk udtryk.<\/p>\n<p>\u00d8reringene er lavet af materialer af h\u00f8j kvalitet og har gennemt\u00e6nkte detaljer, der afspejler balancen mellem tradition og moderne stil. De er perfekte til at give ethvert look et s\u00e6rpr\u00e6g og er en hyldest til den japanske kultur og dens \u00e6stetik.<\/p>","protected":false},"featured_media":12062,"comment_status":"open","ping_status":"open","template":"","meta":{"_gspb_post_css":""},"product_brand":[],"product_cat":[72],"product_tag":[],"class_list":{"0":"post-10395","1":"product","2":"type-product","3":"status-publish","4":"has-post-thumbnail","6":"product_cat-72","8":"first","9":"outofstock","10":"taxable","11":"shipping-taxable","12":"purchasable","13":"product-type-simple"},"_links":{"self":[{"href":"https:\/\/mo-mo.gr\/da\/wp-json\/wp\/v2\/product\/10395","targetHints":{"allow":["GET"]}}],"collection":[{"href":"https:\/\/mo-mo.gr\/da\/wp-json\/wp\/v2\/product"}],"about":[{"href":"https:\/\/mo-mo.gr\/da\/wp-json\/wp\/v2\/types\/product"}],"replies":[{"embeddable":true,"href":"https:\/\/mo-mo.gr\/da\/wp-json\/wp\/v2\/comments?post=10395"}],"wp:featuredmedia":[{"embeddable":true,"href":"https:\/\/mo-mo.gr\/da\/wp-json\/wp\/v2\/media\/12062"}],"wp:attachment":[{"href":"https:\/\/mo-mo.gr\/da\/wp-json\/wp\/v2\/media?parent=10395"}],"wp:term":[{"taxonomy":"product_brand","embeddable":true,"href":"https:\/\/mo-mo.gr\/da\/wp-json\/wp\/v2\/product_brand?post=10395"},{"taxonomy":"product_cat","embeddable":true,"href":"https:\/\/mo-mo.gr\/da\/wp-json\/wp\/v2\/product_cat?post=10395"},{"taxonomy":"product_tag","embeddable":true,"href":"https:\/\/mo-mo.gr\/da\/wp-json\/wp\/v2\/product_tag?post=10395"}],"curies":[{"name":"wp","href":"https:\/\/api.w.org\/{rel}","templated":true}]}}