{"id":10278,"date":"2024-02-28T07:06:23","date_gmt":"2024-02-28T07:06:23","guid":{"rendered":"https:\/\/mo-mo.gr\/product\/hakama-rider-japanese-pants\/"},"modified":"2025-12-09T15:49:42","modified_gmt":"2025-12-09T13:49:42","slug":"hakama-rider-japanske-bukser","status":"publish","type":"product","link":"https:\/\/mo-mo.gr\/da\/\u03c0\u03c1\u03bf\u03ca\u03cc\u03bd\u03c4\u03b1\/hakama-rider-japanese-pants\/","title":{"rendered":"HAKAMA RIDER JAPANSKE BUKSER"},"content":{"rendered":"","protected":false},"excerpt":{"rendered":"<p>Byd velkommen til det ultimative tegn p\u00e5 japansk tradition med \"HAKAMA RIDER JAPANESE PANTS\". Disse traditionelle japanske bukser er h\u00e5ndlavede og syet, s\u00e5 de passer perfekt til brugerens krop. De er de ultimative bukser for AIKIDO- og KENDO-entusiaster, ogs\u00e5 kendt som samurai-bukser. Med et raffineret design, der udstr\u00e5ler en f\u00f8lelse af \u00e6re og dyd, kombinerer disse bukser tradition og elegance i hver eneste bev\u00e6gelse.<\/p>\n<p>Sammens\u00e6tning 65% bomuld 35% uld.<\/p>\n<p><strong><em>*Bukserne sys p\u00e5 bestilling og tager 5 til 10 dage at lave. <\/em><\/strong><\/p>","protected":false},"featured_media":11975,"comment_status":"open","ping_status":"closed","template":"","meta":{"_gspb_post_css":""},"product_brand":[],"product_cat":[119,66],"product_tag":[41],"class_list":{"0":"post-10278","1":"product","2":"type-product","3":"status-publish","4":"has-post-thumbnail","6":"product_cat-hakama","7":"product_cat-66","8":"product_tag-mens-kimonos","9":"pa_-large","10":"pa_-medium","11":"pa_-small","12":"pa_-xtra-large","13":"pa_-85","15":"first","16":"instock","17":"featured","18":"taxable","19":"shipping-taxable","20":"purchasable","21":"product-type-variable"},"_links":{"self":[{"href":"https:\/\/mo-mo.gr\/da\/wp-json\/wp\/v2\/product\/10278","targetHints":{"allow":["GET"]}}],"collection":[{"href":"https:\/\/mo-mo.gr\/da\/wp-json\/wp\/v2\/product"}],"about":[{"href":"https:\/\/mo-mo.gr\/da\/wp-json\/wp\/v2\/types\/product"}],"replies":[{"embeddable":true,"href":"https:\/\/mo-mo.gr\/da\/wp-json\/wp\/v2\/comments?post=10278"}],"wp:featuredmedia":[{"embeddable":true,"href":"https:\/\/mo-mo.gr\/da\/wp-json\/wp\/v2\/media\/11975"}],"wp:attachment":[{"href":"https:\/\/mo-mo.gr\/da\/wp-json\/wp\/v2\/media?parent=10278"}],"wp:term":[{"taxonomy":"product_brand","embeddable":true,"href":"https:\/\/mo-mo.gr\/da\/wp-json\/wp\/v2\/product_brand?post=10278"},{"taxonomy":"product_cat","embeddable":true,"href":"https:\/\/mo-mo.gr\/da\/wp-json\/wp\/v2\/product_cat?post=10278"},{"taxonomy":"product_tag","embeddable":true,"href":"https:\/\/mo-mo.gr\/da\/wp-json\/wp\/v2\/product_tag?post=10278"}],"curies":[{"name":"wp","href":"https:\/\/api.w.org\/{rel}","templated":true}]}}