{"id":10217,"date":"2024-02-15T14:06:20","date_gmt":"2024-02-15T14:06:20","guid":{"rendered":"https:\/\/mo-mo.gr\/product\/kokuryu-no-kaban-%e9%bb%92%e9%be%8d%e3%81%ae%e3%81%8b%e3%81%b0%e3%82%93\/"},"modified":"2024-12-12T14:42:56","modified_gmt":"2024-12-12T14:42:56","slug":"kokuryu-no-kaban-%e9%bb%92%e9%be%8d%e3%81%ae%e3%81%8b%e3%81%b0%e3%82%93","status":"publish","type":"product","link":"https:\/\/mo-mo.gr\/da\/\u03c0\u03c1\u03bf\u03ca\u03cc\u03bd\u03c4\u03b1\/kokuryu-no-kaban-%e9%bb%92%e9%be%8d%e3%81%ae%e3%81%8b%e3%81%b0%e3%82%93\/","title":{"rendered":"KOKURYU NO KABAN \u9ed2\u9f8d\u306e\u304b\u3070\u3093"},"content":{"rendered":"<p>Vi pr\u00e6senterer \"KOKURYU NO KABAN \u9ed2\u9f8d\u306e\u304b\u3070\u3093\", et mesterv\u00e6rk inden for japansk kunst, der inkorporerer elegance og tradition. Denne h\u00e5ndlavede japanske taske er lavet af de fineste japanske stoffer.<\/p>\n<p>Inspireret af den mytiske drage (\"kokuryu\") udstr\u00e5ler denne taske styrke og elegance. Hvert sting er omhyggeligt placeret og viser h\u00e5ndv\u00e6rket og dedikationen til japansk kunst. Fra detaljerne til den luksuri\u00f8se fornemmelse af stoffet afspejler alle aspekter af denne taske den rige arv af japansk h\u00e5ndv\u00e6rk.<\/p>\n<p>\"KOKURYU NO KABAN\" kombinerer problemfrit moderne design med vintage-elegance. Uanset om du g\u00e5r rundt i Tokyos gader eller deltager i en s\u00e6rlig begivenhed, vil denne japanske taske helt sikkert stj\u00e6le opm\u00e6rksomheden og l\u00f8fte din stil.<\/p>\n<p>Oplev den japanske kulturs charme med \"KOKURYU NO KABAN \u9ed2\u9f8d\u306e\u304b\u3070\u3093\" - hvor tradition m\u00f8der innovation, og sk\u00f8nhed m\u00f8der funktionalitet.<\/p>","protected":false},"excerpt":{"rendered":"<p>Oplev den japanske traditions magi med \"KOKURYU NO KABAN \u9ed2\u9f8d\u306e\u304b\u3070\u3093\", en h\u00e5ndlavet taske, der omfavner den autentiske sk\u00f8nhed i japanske tekstiler. Hver eneste detalje i tasken udstr\u00e5ler Japans \u00e6stetik, mens kvaliteten og den omhyggelige konstruktion sikrer taskens holdbarhed og holdbarhed over tid.<\/p>\n<p>M\u00e5l 24*24 med l\u00e5s og indvendig lynl\u00e5slomme<\/p>","protected":false},"featured_media":11925,"comment_status":"open","ping_status":"open","template":"","meta":{"_gspb_post_css":""},"product_brand":[],"product_cat":[65],"product_tag":[],"class_list":{"0":"post-10217","1":"product","2":"type-product","3":"status-publish","4":"has-post-thumbnail","6":"product_cat-65","8":"first","9":"onbackorder","10":"featured","11":"taxable","12":"shipping-taxable","13":"purchasable","14":"product-type-simple"},"_links":{"self":[{"href":"https:\/\/mo-mo.gr\/da\/wp-json\/wp\/v2\/product\/10217","targetHints":{"allow":["GET"]}}],"collection":[{"href":"https:\/\/mo-mo.gr\/da\/wp-json\/wp\/v2\/product"}],"about":[{"href":"https:\/\/mo-mo.gr\/da\/wp-json\/wp\/v2\/types\/product"}],"replies":[{"embeddable":true,"href":"https:\/\/mo-mo.gr\/da\/wp-json\/wp\/v2\/comments?post=10217"}],"wp:featuredmedia":[{"embeddable":true,"href":"https:\/\/mo-mo.gr\/da\/wp-json\/wp\/v2\/media\/11925"}],"wp:attachment":[{"href":"https:\/\/mo-mo.gr\/da\/wp-json\/wp\/v2\/media?parent=10217"}],"wp:term":[{"taxonomy":"product_brand","embeddable":true,"href":"https:\/\/mo-mo.gr\/da\/wp-json\/wp\/v2\/product_brand?post=10217"},{"taxonomy":"product_cat","embeddable":true,"href":"https:\/\/mo-mo.gr\/da\/wp-json\/wp\/v2\/product_cat?post=10217"},{"taxonomy":"product_tag","embeddable":true,"href":"https:\/\/mo-mo.gr\/da\/wp-json\/wp\/v2\/product_tag?post=10217"}],"curies":[{"name":"wp","href":"https:\/\/api.w.org\/{rel}","templated":true}]}}