{"id":10211,"date":"2024-02-15T12:03:49","date_gmt":"2024-02-15T12:03:49","guid":{"rendered":"https:\/\/mo-mo.gr\/product\/tsuru-kinchaku-%e3%81%a4%e3%82%8b%e5%b7%be%e7%9d%80\/"},"modified":"2024-12-12T14:42:51","modified_gmt":"2024-12-12T14:42:51","slug":"tsuru-kinchaku-%e3%81%a4%e3%82%8b%e5%b7%be%e7%9d%80","status":"publish","type":"product","link":"https:\/\/mo-mo.gr\/da\/\u03c0\u03c1\u03bf\u03ca\u03cc\u03bd\u03c4\u03b1\/tsuru-kinchaku-%e3%81%a4%e3%82%8b%e5%b7%be%e7%9d%80\/","title":{"rendered":"TSURU KINCHAKU \u3064\u308b\u5dfe\u7740"},"content":{"rendered":"<p>Vis Japans sk\u00f8nhed og elegance frem med TSURU KINCHAKU \u3064\u308b\u7740. Denne japanske kuverttaske er inspireret af traditionelle japanske stoffer og dekoreret med et billede af en trane, der symboliserer lykke og lang levetid i japansk kultur.<\/p>\n<p>TSURU KINCHAKU er fremstillet af materialer af h\u00f8j kvalitet og tilbyder ikke kun funktionalitet, men ogs\u00e5 stil i ethvert look. Med sit unikke design og gennemt\u00e6nkte konstruktion er denne kuverttaske det perfekte tilbeh\u00f8r til dem, der leder efter et stilfuldt og underspillet element i deres stil.<\/p>\n<p>TSURU KINCHAKU inkorporerer den japanske kulturs rigdom i hver eneste detalje og viser Japans \u00e6stetik og arv ved hvert eneste brug. Uanset om det er til hverdagsbrug eller s\u00e6rlige lejligheder, vil denne kuverttaske ledsage dig med stil og elegance hele vejen.<\/p>","protected":false},"excerpt":{"rendered":"<p>Byd Japans kultur og elegance velkommen med TSURU KINCHAKU \u3064\u308b\u7740. Denne japanske kuverttaske er lavet af autentiske japanske stoffer og er dekoreret med et billede af en trane, et symbol p\u00e5 lykke og lang levetid i japansk tradition. TSURU KINCHAKU \u3064\u308b\u5dfe\u7740 kombinerer antikken med moderne elegance og er et sofistikeret valg til enhver lejlighed.<\/p>\n<p>Sandalkuvert med 30*21 cm, lynl\u00e5s, h\u00e5ndtag og indvendig lomme.<\/p>","protected":false},"featured_media":11920,"comment_status":"open","ping_status":"open","template":"","meta":{"_gspb_post_css":""},"product_brand":[],"product_cat":[65],"product_tag":[],"class_list":{"0":"post-10211","1":"product","2":"type-product","3":"status-publish","4":"has-post-thumbnail","6":"product_cat-65","8":"first","9":"onbackorder","10":"taxable","11":"shipping-taxable","12":"purchasable","13":"product-type-simple"},"_links":{"self":[{"href":"https:\/\/mo-mo.gr\/da\/wp-json\/wp\/v2\/product\/10211","targetHints":{"allow":["GET"]}}],"collection":[{"href":"https:\/\/mo-mo.gr\/da\/wp-json\/wp\/v2\/product"}],"about":[{"href":"https:\/\/mo-mo.gr\/da\/wp-json\/wp\/v2\/types\/product"}],"replies":[{"embeddable":true,"href":"https:\/\/mo-mo.gr\/da\/wp-json\/wp\/v2\/comments?post=10211"}],"wp:featuredmedia":[{"embeddable":true,"href":"https:\/\/mo-mo.gr\/da\/wp-json\/wp\/v2\/media\/11920"}],"wp:attachment":[{"href":"https:\/\/mo-mo.gr\/da\/wp-json\/wp\/v2\/media?parent=10211"}],"wp:term":[{"taxonomy":"product_brand","embeddable":true,"href":"https:\/\/mo-mo.gr\/da\/wp-json\/wp\/v2\/product_brand?post=10211"},{"taxonomy":"product_cat","embeddable":true,"href":"https:\/\/mo-mo.gr\/da\/wp-json\/wp\/v2\/product_cat?post=10211"},{"taxonomy":"product_tag","embeddable":true,"href":"https:\/\/mo-mo.gr\/da\/wp-json\/wp\/v2\/product_tag?post=10211"}],"curies":[{"name":"wp","href":"https:\/\/api.w.org\/{rel}","templated":true}]}}