{"id":10204,"date":"2024-02-14T17:12:09","date_gmt":"2024-02-14T17:12:09","guid":{"rendered":"https:\/\/mo-mo.gr\/product\/kuro-ryu-kinpaku-bag-%e9%bb%92%e9%be%8d%e9%87%91%e7%ae%94%e3%83%90%e3%83%83%e3%82%b0\/"},"modified":"2024-12-12T14:42:46","modified_gmt":"2024-12-12T14:42:46","slug":"kuro-ryu-kinpaku-bag-%e9%bb%92%e9%be%8d%e9%87%91%e7%ae%94%e3%83%90%e3%83%83%e3%82%b0","status":"publish","type":"product","link":"https:\/\/mo-mo.gr\/da\/\u03c0\u03c1\u03bf\u03ca\u03cc\u03bd\u03c4\u03b1\/kuro-ryu-kinpaku-bag-%e9%bb%92%e9%be%8d%e9%87%91%e7%ae%94%e3%83%90%e3%83%83%e3%82%b0\/","title":{"rendered":"Kuro Ryu Kinpaku Bag \u9ed2\u9f8d\u91d1\u7b94\u30d0\u30c3\u30b0"},"content":{"rendered":"<p>Omfavn harmonien i japansk \u00e6stetik med Kuro Ryu Kinpaku Bag. Denne sofistikerede japanske taske kombinerer traditionelle stoffer og m\u00f8nstre og giver liv til en smuk japansk skuldertaske, der udstr\u00e5ler unikhed og elegance. Den er fremstillet med sans for detaljer, og tranen i m\u00f8nsteret repr\u00e6senterer den gamle japanske tradition for lykke og lang levetid.<\/p>\n<p>Kuro Ryu Kinpaku-tasken har et rummeligt indre med plads til alle dine vigtigste ting, mens dens slanke look og unikke design g\u00f8r den til et ideelt valg til enhver lejlighed. Uanset om du bruger den til hverdag eller til s\u00e6rlige lejligheder, vil denne japanske taske tilf\u00f8re din stil et strejf af sofistikeret charme og unikhed.<\/p>","protected":false},"excerpt":{"rendered":"<p>Bring din stil til live med Kuro Ryu Kinpaku Bag, en autentisk japansk taske, der kombinerer unikke japanske stoffer og et \u00e6stetisk tiltalende design. Denne sofistikerede taske har et klassisk japansk motiv: tranen, der symboliserer den evige elegance og harmoni i den japanske kultur. Denne kuverttaske er lavet af kvalitetsmaterialer og er perfekt til enhver lejlighed og tilf\u00f8jer et strejf af unikhed og elegance til ethvert look.<\/p>\n<p>100% h\u00e5ndlavet taske!<\/p>\n<p>M\u00e5l: 32*20 og dybde 8 cm<\/p>","protected":false},"featured_media":11914,"comment_status":"open","ping_status":"open","template":"","meta":{"_gspb_post_css":""},"product_brand":[],"product_cat":[65],"product_tag":[],"class_list":{"0":"post-10204","1":"product","2":"type-product","3":"status-publish","4":"has-post-thumbnail","6":"product_cat-65","8":"first","9":"onbackorder","10":"taxable","11":"shipping-taxable","12":"purchasable","13":"product-type-simple"},"_links":{"self":[{"href":"https:\/\/mo-mo.gr\/da\/wp-json\/wp\/v2\/product\/10204","targetHints":{"allow":["GET"]}}],"collection":[{"href":"https:\/\/mo-mo.gr\/da\/wp-json\/wp\/v2\/product"}],"about":[{"href":"https:\/\/mo-mo.gr\/da\/wp-json\/wp\/v2\/types\/product"}],"replies":[{"embeddable":true,"href":"https:\/\/mo-mo.gr\/da\/wp-json\/wp\/v2\/comments?post=10204"}],"wp:featuredmedia":[{"embeddable":true,"href":"https:\/\/mo-mo.gr\/da\/wp-json\/wp\/v2\/media\/11914"}],"wp:attachment":[{"href":"https:\/\/mo-mo.gr\/da\/wp-json\/wp\/v2\/media?parent=10204"}],"wp:term":[{"taxonomy":"product_brand","embeddable":true,"href":"https:\/\/mo-mo.gr\/da\/wp-json\/wp\/v2\/product_brand?post=10204"},{"taxonomy":"product_cat","embeddable":true,"href":"https:\/\/mo-mo.gr\/da\/wp-json\/wp\/v2\/product_cat?post=10204"},{"taxonomy":"product_tag","embeddable":true,"href":"https:\/\/mo-mo.gr\/da\/wp-json\/wp\/v2\/product_tag?post=10204"}],"curies":[{"name":"wp","href":"https:\/\/api.w.org\/{rel}","templated":true}]}}