{"id":10182,"date":"2024-02-09T19:23:06","date_gmt":"2024-02-09T19:23:06","guid":{"rendered":"https:\/\/mo-mo.gr\/product\/flap-bag-black-canva-with-winered-flowers\/"},"modified":"2024-12-12T14:42:29","modified_gmt":"2024-12-12T14:42:29","slug":"flap-taske-sort-canva-med-vinrode-blomster","status":"publish","type":"product","link":"https:\/\/mo-mo.gr\/da\/\u03c0\u03c1\u03bf\u03ca\u03cc\u03bd\u03c4\u03b1\/flap-bag-black-canva-with-winered-flowers\/","title":{"rendered":"FLAP TASKE SORT CANVA MED VINR\u00d8DE BLOMSTER"},"content":{"rendered":"","protected":false},"excerpt":{"rendered":"<p>H\u00e5ndlavet taske med klap.<\/p>\n<p>Sort kanvas med blomster i dyb r\u00f8d farve. Quiltet l\u00e6rredsforing og kliklomme. Sort rem med justerbar h\u00f8jde.<\/p>\n<p>Dimension: H\u00f8jde 24 Bredde 24 og Dybde 10<\/p>","protected":false},"featured_media":11896,"comment_status":"open","ping_status":"open","template":"","meta":{"_gspb_post_css":""},"product_brand":[],"product_cat":[65],"product_tag":[],"class_list":{"0":"post-10182","1":"product","2":"type-product","3":"status-publish","4":"has-post-thumbnail","6":"product_cat-65","8":"first","9":"instock","10":"sale","11":"taxable","12":"shipping-taxable","13":"purchasable","14":"product-type-simple"},"_links":{"self":[{"href":"https:\/\/mo-mo.gr\/da\/wp-json\/wp\/v2\/product\/10182","targetHints":{"allow":["GET"]}}],"collection":[{"href":"https:\/\/mo-mo.gr\/da\/wp-json\/wp\/v2\/product"}],"about":[{"href":"https:\/\/mo-mo.gr\/da\/wp-json\/wp\/v2\/types\/product"}],"replies":[{"embeddable":true,"href":"https:\/\/mo-mo.gr\/da\/wp-json\/wp\/v2\/comments?post=10182"}],"wp:featuredmedia":[{"embeddable":true,"href":"https:\/\/mo-mo.gr\/da\/wp-json\/wp\/v2\/media\/11896"}],"wp:attachment":[{"href":"https:\/\/mo-mo.gr\/da\/wp-json\/wp\/v2\/media?parent=10182"}],"wp:term":[{"taxonomy":"product_brand","embeddable":true,"href":"https:\/\/mo-mo.gr\/da\/wp-json\/wp\/v2\/product_brand?post=10182"},{"taxonomy":"product_cat","embeddable":true,"href":"https:\/\/mo-mo.gr\/da\/wp-json\/wp\/v2\/product_cat?post=10182"},{"taxonomy":"product_tag","embeddable":true,"href":"https:\/\/mo-mo.gr\/da\/wp-json\/wp\/v2\/product_tag?post=10182"}],"curies":[{"name":"wp","href":"https:\/\/api.w.org\/{rel}","templated":true}]}}