{"id":10163,"date":"2024-02-05T14:22:20","date_gmt":"2024-02-05T14:22:20","guid":{"rendered":"https:\/\/mo-mo.gr\/product\/%cf%83%ce%b5%cf%84-%ce%b3%ce%b9%ce%b1-%cf%83%ce%ac%ce%ba%ce%b5-%ce%bc%ce%b5-%ce%b9%ce%b1%cf%80%cf%89%ce%bd%ce%b9%ce%ba%ce%ac-%ce%bd%ce%bf%cf%8d%cf%86%ce%b1%cf%81%ce%b1\/"},"modified":"2026-04-02T21:05:12","modified_gmt":"2026-04-02T18:05:12","slug":"%cf%83%ce%b5%cf%84-%ce%b3%ce%b9%ce%b1-%cf%83%ce%ac%ce%ba%ce%b5-%ce%bc%ce%b5-%ce%b9%ce%b1%cf%80%cf%89%ce%bd%ce%b9%ce%ba%ce%ac-%ce%bd%ce%bf%cf%8d%cf%86%ce%b1%cf%81%ce%b1","status":"publish","type":"product","link":"https:\/\/mo-mo.gr\/da\/\u03c0\u03c1\u03bf\u03ca\u03cc\u03bd\u03c4\u03b1\/%cf%83%ce%b5%cf%84-%ce%b3%ce%b9%ce%b1-%cf%83%ce%ac%ce%ba%ce%b5-%ce%bc%ce%b5-%ce%b9%ce%b1%cf%80%cf%89%ce%bd%ce%b9%ce%ba%ce%ac-%ce%bd%ce%bf%cf%8d%cf%86%ce%b1%cf%81%ce%b1\/","title":{"rendered":"S\u00e6t til sake med japanske nuphras"},"content":{"rendered":"","protected":false},"excerpt":{"rendered":"<p>S\u00e6t til Sake lavet af h\u00e5ndlavet ler, inklusive en 200 ml kande og to glas. Hvert stykke er unikt designet med en overflade, der forestiller to \u00e5kander, malet med r\u00f8de linjer, som giver en f\u00f8lelse af liv og friskhed. Resten af overfladen er dekoreret med den ekstremt vanskelige teknik, der indfanger f\u00f8lelsen af vand og f\u00e5r det til at virke n\u00e6sten levende. Dette s\u00e6t er ikke kun praktisk til at nyde sake, men ogs\u00e5 et kunstv\u00e6rk, der kan pynte i ethvert rum. Perfekt til at dele hyggelige stunder med venner og familie eller som gave til elskere af japansk kultur. Et helt unikt s\u00e6t, der kombinerer tradition med moderne \u00e6stetik.<\/p>","protected":false},"featured_media":11881,"comment_status":"open","ping_status":"open","template":"","meta":{"_gspb_post_css":""},"product_brand":[],"product_cat":[69],"product_tag":[],"class_list":{"0":"post-10163","1":"product","2":"type-product","3":"status-publish","4":"has-post-thumbnail","6":"product_cat-69","7":"pa_-79","9":"first","10":"outofstock","11":"taxable","12":"shipping-taxable","13":"purchasable","14":"product-type-simple"},"_links":{"self":[{"href":"https:\/\/mo-mo.gr\/da\/wp-json\/wp\/v2\/product\/10163","targetHints":{"allow":["GET"]}}],"collection":[{"href":"https:\/\/mo-mo.gr\/da\/wp-json\/wp\/v2\/product"}],"about":[{"href":"https:\/\/mo-mo.gr\/da\/wp-json\/wp\/v2\/types\/product"}],"replies":[{"embeddable":true,"href":"https:\/\/mo-mo.gr\/da\/wp-json\/wp\/v2\/comments?post=10163"}],"wp:featuredmedia":[{"embeddable":true,"href":"https:\/\/mo-mo.gr\/da\/wp-json\/wp\/v2\/media\/11881"}],"wp:attachment":[{"href":"https:\/\/mo-mo.gr\/da\/wp-json\/wp\/v2\/media?parent=10163"}],"wp:term":[{"taxonomy":"product_brand","embeddable":true,"href":"https:\/\/mo-mo.gr\/da\/wp-json\/wp\/v2\/product_brand?post=10163"},{"taxonomy":"product_cat","embeddable":true,"href":"https:\/\/mo-mo.gr\/da\/wp-json\/wp\/v2\/product_cat?post=10163"},{"taxonomy":"product_tag","embeddable":true,"href":"https:\/\/mo-mo.gr\/da\/wp-json\/wp\/v2\/product_tag?post=10163"}],"curies":[{"name":"wp","href":"https:\/\/api.w.org\/{rel}","templated":true}]}}