{"id":10041,"date":"2024-01-08T22:02:11","date_gmt":"2024-01-08T22:02:11","guid":{"rendered":"https:\/\/mo-mo.gr\/product\/the-momo-sakura-t-shirt-2-2-2\/"},"modified":"2024-12-12T14:48:42","modified_gmt":"2024-12-12T14:48:42","slug":"momo-sakura-t-shirt-2-2-2","status":"publish","type":"product","link":"https:\/\/mo-mo.gr\/da\/\u03c0\u03c1\u03bf\u03ca\u03cc\u03bd\u03c4\u03b1\/the-momo-sakura-t-shirt-2-2-2\/","title":{"rendered":"FUJI T-SHIRT"},"content":{"rendered":"<p>Fuji-blomsten, ogs\u00e5 kendt som bl\u00e5regn, har en dyb og vigtig betydning i japansk kultur. Blomsten repr\u00e6senterer \u00e6stetik, indre sk\u00f8nhed og harmoni mellem menneskeliv og natur.<\/p>\n<p>Bl\u00e5regn udtrykker betydningen af hverdagens sk\u00f8nhed, indre lykke og nydelse af naturlig harmoni. Blomstens blomstrende sk\u00f8nhed repr\u00e6senterer ogs\u00e5 enkelhed, ydmyghed og forst\u00e5elsen af, hvordan sk\u00f8nhed kan findes i enkle og naturlige \u00f8jeblikke.<\/p>\n<p>I japansk kultur forbindes Fuji-blomsten desuden ofte med familiens harmoni, sammenhold og menneskelig sameksistens. Japanerne v\u00e6rds\u00e6tter blomsten som et symbol p\u00e5 velstand, indre fred og optimisme og siger, at sk\u00f8nhed kan inspirere til h\u00e5b og gl\u00e6de i vores daglige liv.<\/p>\n<p>Den lilla bl\u00e5regn symboliserer \u00e6del sk\u00f8nhed, indre fred og harmoni og fremh\u00e6ver v\u00e6rdien af t\u00e5lmodighed og enkelhedens \u00e6stetik. Med sin karakteristiske lilla farve giver denne blomst en f\u00f8lelse af mystik og dr\u00f8mmeagtig sk\u00f8nhed.<\/p>","protected":false},"excerpt":{"rendered":"<p>FUJI T-SHIRT er et unikt design af MOMO KIDOHO, inspireret af den japanske bl\u00e5regn \u85e4, der med sin mystiske charme repr\u00e6senterer den japanske naturs \u00e6stetik og indre fred og form\u00e5r at udtrykke sk\u00f8nheden og harmonien i verden omkring den.<\/p>\n<p>- 100% bomuld<\/p>\n<p>- Ikke k\u00f8nsspecifik<\/p>\n<p>- Originale designs af @raynedarren<\/p>","protected":false},"featured_media":11847,"comment_status":"open","ping_status":"open","template":"","meta":{"_gspb_post_css":""},"product_brand":[],"product_cat":[96],"product_tag":[],"class_list":{"0":"post-10041","1":"product","2":"type-product","3":"status-publish","4":"has-post-thumbnail","6":"product_cat-t-shirts","7":"pa_-large","8":"pa_-medium","9":"pa_-small","10":"pa_-xtra-large","11":"pa_-xtra-small","12":"pa_-xxl","13":"pa_-85","15":"first","16":"instock","17":"taxable","18":"shipping-taxable","19":"purchasable","20":"product-type-variable"},"_links":{"self":[{"href":"https:\/\/mo-mo.gr\/da\/wp-json\/wp\/v2\/product\/10041","targetHints":{"allow":["GET"]}}],"collection":[{"href":"https:\/\/mo-mo.gr\/da\/wp-json\/wp\/v2\/product"}],"about":[{"href":"https:\/\/mo-mo.gr\/da\/wp-json\/wp\/v2\/types\/product"}],"replies":[{"embeddable":true,"href":"https:\/\/mo-mo.gr\/da\/wp-json\/wp\/v2\/comments?post=10041"}],"wp:featuredmedia":[{"embeddable":true,"href":"https:\/\/mo-mo.gr\/da\/wp-json\/wp\/v2\/media\/11847"}],"wp:attachment":[{"href":"https:\/\/mo-mo.gr\/da\/wp-json\/wp\/v2\/media?parent=10041"}],"wp:term":[{"taxonomy":"product_brand","embeddable":true,"href":"https:\/\/mo-mo.gr\/da\/wp-json\/wp\/v2\/product_brand?post=10041"},{"taxonomy":"product_cat","embeddable":true,"href":"https:\/\/mo-mo.gr\/da\/wp-json\/wp\/v2\/product_cat?post=10041"},{"taxonomy":"product_tag","embeddable":true,"href":"https:\/\/mo-mo.gr\/da\/wp-json\/wp\/v2\/product_tag?post=10041"}],"curies":[{"name":"wp","href":"https:\/\/api.w.org\/{rel}","templated":true}]}}