{"id":10025,"date":"2024-01-08T21:58:48","date_gmt":"2024-01-08T21:58:48","guid":{"rendered":"https:\/\/mo-mo.gr\/product\/kiku-t-shirt\/"},"modified":"2024-12-12T14:48:44","modified_gmt":"2024-12-12T14:48:44","slug":"kiku-t-shirt","status":"publish","type":"product","link":"https:\/\/mo-mo.gr\/da\/\u03c0\u03c1\u03bf\u03ca\u03cc\u03bd\u03c4\u03b1\/kiku-t-shirt\/","title":{"rendered":"KIKU T-SHIRT"},"content":{"rendered":"<div class=\"woocommerce-product-details__short-description\">\n<p>Den japanske krysantemum, kendt som \"kiku\", repr\u00e6senterer en dyb og v\u00e6rdifuld betydning i japansk kultur. Den er et symbol p\u00e5 lang levetid, held og \u00e6re og forbinder det japanske folk med v\u00e6rdierne modstandsdygtighed og lyksalighed. Japanerne fejrer krysantemumfestivalen i april, hvor de dedikerer denne blomst til p\u00e5sk\u00f8nnelse af og respekt for de \u00e6ldre. Hver sort har sin egen betydning, og krysantemum repr\u00e6senterer en rig kulturarv og er et fascinerende udtryk for dyb japansk filosofi og \u00e5nd.<\/p>\n<\/div>\n<p>Der findes en gammel legende om den japanske krysantemum, som fort\u00e6ller historien om en ung prinsesse, Kiku, som levede i et fjernt rige. Kiku, hvis sk\u00f8nhed afspejlede solens gl\u00f8d, var ogs\u00e5 kendt for sit gode hjerte og sin visdom.<\/p>\n<p>En ukendt rejsende ankom til kongeriget Kiku med en lille og skr\u00e6mt krysantemum. Denne blomst, som var smuk, men ukendt for de omkringliggende blomster, var blevet opfostret med omsorg og k\u00e6rlighed af den rejsende.<\/p>\n<p>Kiku var imponeret over den lyse, men nysgerrige blomst og begyndte at pleje den med hengivenhed. Hver dag spirede blomsten med nye blade og blomster, der udstr\u00e5lede et s\u00e6rligt lys. Kiku overraskede alle med den m\u00e5de, hun fik denne unikke blomst til at str\u00e5le fra haven ved sit palads.<\/p>\n<p>En dag afsl\u00f8rede den rejsende sandheden: Krysantemummet var et mirakel, en gave fra guderne, som bragte held og lykke. Siden da er krysantemummet blevet et symbol p\u00e5 h\u00e5b og optimisme for kongeriget Kiku og har oplyst folkets liv med sin sk\u00f8nhed og mystik. Og siden den dag har den japanske krysantemum repr\u00e6senteret lykke, velsignelse og gr\u00e6nsel\u00f8s sk\u00f8nhed i hvert eneste hj\u00f8rne af kongeriget.<\/p>","protected":false},"excerpt":{"rendered":"<div class=\"woocommerce-product-details__short-description\">\n<p>KIKU T-SHIRT et unikt design af MOMO KIDOHO, inspireret af den japanske krysantemum, et symbol p\u00e5 lang levetid, held og \u00e6re.<\/p>\n<p>- 100% bomuld<\/p>\n<p>- Ikke k\u00f8nsspecifik<\/p>\n<p>- Originale designs af @raynedarren<\/p>\n<\/div>","protected":false},"featured_media":11833,"comment_status":"open","ping_status":"open","template":"","meta":{"_gspb_post_css":""},"product_brand":[],"product_cat":[96],"product_tag":[],"class_list":{"0":"post-10025","1":"product","2":"type-product","3":"status-publish","4":"has-post-thumbnail","6":"product_cat-t-shirts","7":"pa_-large","8":"pa_-medium","9":"pa_-small","10":"pa_-xtra-large","11":"pa_-xtra-small","12":"pa_-xxl","13":"pa_-85","15":"first","16":"instock","17":"taxable","18":"shipping-taxable","19":"purchasable","20":"product-type-variable"},"_links":{"self":[{"href":"https:\/\/mo-mo.gr\/da\/wp-json\/wp\/v2\/product\/10025","targetHints":{"allow":["GET"]}}],"collection":[{"href":"https:\/\/mo-mo.gr\/da\/wp-json\/wp\/v2\/product"}],"about":[{"href":"https:\/\/mo-mo.gr\/da\/wp-json\/wp\/v2\/types\/product"}],"replies":[{"embeddable":true,"href":"https:\/\/mo-mo.gr\/da\/wp-json\/wp\/v2\/comments?post=10025"}],"wp:featuredmedia":[{"embeddable":true,"href":"https:\/\/mo-mo.gr\/da\/wp-json\/wp\/v2\/media\/11833"}],"wp:attachment":[{"href":"https:\/\/mo-mo.gr\/da\/wp-json\/wp\/v2\/media?parent=10025"}],"wp:term":[{"taxonomy":"product_brand","embeddable":true,"href":"https:\/\/mo-mo.gr\/da\/wp-json\/wp\/v2\/product_brand?post=10025"},{"taxonomy":"product_cat","embeddable":true,"href":"https:\/\/mo-mo.gr\/da\/wp-json\/wp\/v2\/product_cat?post=10025"},{"taxonomy":"product_tag","embeddable":true,"href":"https:\/\/mo-mo.gr\/da\/wp-json\/wp\/v2\/product_tag?post=10025"}],"curies":[{"name":"wp","href":"https:\/\/api.w.org\/{rel}","templated":true}]}}