{"id":9476,"date":"2024-12-12T12:19:47","date_gmt":"2024-12-12T12:19:47","guid":{"rendered":"https:\/\/mo-mo.gr\/?page_id=9476"},"modified":"2024-12-12T12:20:28","modified_gmt":"2024-12-12T12:20:28","slug":"%cf%80%ce%b1%cf%81%ce%b1%ce%b3%ce%b3%ce%b5%ce%bb%ce%af%ce%b5%cf%82-%ce%b1%cf%80%ce%bf%cf%83%cf%84%ce%bf%ce%bb%ce%ad%cf%82","status":"publish","type":"page","link":"https:\/\/mo-mo.gr\/da\/%cf%80%ce%b1%cf%81%ce%b1%ce%b3%ce%b3%ce%b5%ce%bb%ce%af%ce%b5%cf%82-%ce%b1%cf%80%ce%bf%cf%83%cf%84%ce%bf%ce%bb%ce%ad%cf%82\/","title":{"rendered":"Ordrer og forsendelser"},"content":{"rendered":"<h2 id=\"gspb_heading-id-gsbp-0eef268\" class=\"gspb_heading gspb_heading-id-gsbp-0eef268\">Bestillinger<\/h2>\n\n\n\n<div id=\"gspb_text-id-gsbp-8efa61e\" class=\"gspb_text gspb_text-id-gsbp-8efa61e\">Hos mo mo tilbyder vi en sp\u00e6ndende bestillingsoplevelse, hvor vi fors\u00f8ger at opfylde alle dine behov med fuld tilfredshed for \u00f8je. Vi har skabt en klar og gennemsigtig politik for at sikre en bekvem og p\u00e5lidelig bestillingsproces for dig.<br>Vores politik indeholder f\u00f8lgende elementer:<br><\/div>\n\n\n\n<div id=\"gspb_text-id-gsbp-0f65c6f\" class=\"gspb_text gspb_text-id-gsbp-0f65c6f\"><strong>Produkter af h\u00f8j kvalitet:<\/strong> Alt vores t\u00f8j er fremstillet af n\u00f8je udvalgte materialer med fokus p\u00e5 fremragende kvalitet og autenticitet. Vores dedikation til h\u00f8j kvalitet garanterer, at du f\u00e5r gl\u00e6de af produkter, der holder i mange \u00e5r.<br><strong>Forskellige stilarter:<\/strong> Vi forst\u00e5r, at alle kunder har en unik smag og pr\u00e6ferencer. Derfor tilbyder vi en bred vifte af stilarter, designs og farver, s\u00e5 du kan finde pr\u00e6cis det, der passer til dig og afspejler din personlige stil.<br><strong>Nem bestillingsproces:<\/strong> Vores hjemmeside tilbyder en enkel og venlig bestillingsproces. Du skal blot v\u00e6lge det \u00f8nskede t\u00f8j, l\u00e6gge det i kurven og gennemf\u00f8re din bestilling sikkert og nemt. Vi er altid klar til at hj\u00e6lpe dig via e-mail eller telefon, hvis du har sp\u00f8rgsm\u00e5l.<br><strong>Hurtig forsendelse og levering:<\/strong> Vi forst\u00e5r din begejstring for at modtage dine produkter s\u00e5 hurtigt som muligt. Derfor s\u00f8rger vi for, at dine ordrer behandles og afsendes hurtigt, s\u00e5 de ankommer til din d\u00f8r s\u00e5 hurtigt som muligt.<br><strong>Kundeservice:<\/strong> Kundetilfredshed er vores absolutte prioritet. Vi er her altid for at hj\u00e6lpe dig, besvare alle dine sp\u00f8rgsm\u00e5l og l\u00f8se eventuelle problemer, der opst\u00e5r under bestillingen eller efter leveringen.<\/div>\n\n\n\n<h2 id=\"gspb_heading-id-gsbp-d4b106a\" class=\"gspb_heading gspb_heading-id-gsbp-d4b106a\">Forsendelser<\/h2>\n\n\n\n<div id=\"gspb_text-id-gsbp-04e78a9\" class=\"gspb_text gspb_text-id-gsbp-04e78a9\">Tak, fordi du valgte mo mo til dine indk\u00f8b! Vi vil gerne informere dig om vores forsendelsespolitik og -procedure for at sikre, at du f\u00e5r en smidig og behagelig indk\u00f8bsoplevelse.<br>Missionspolitik:<br><\/div>\n\n\n\n<h3 id=\"gspb_heading-id-gsbp-3e80893\" class=\"gspb_heading gspb_heading-id-gsbp-3e80893\">Missionspolitik<\/h3>\n\n\n\n<div id=\"gspb_text-id-gsbp-7f8c074\" class=\"gspb_text gspb_text-id-gsbp-7f8c074\"><strong>Forsendelse i hele Gr\u00e6kenland:<\/strong> Vi er stolte af at kunne tilbyde levering til alle regioner i Gr\u00e6kenland. Uanset hvor du er, kan du nyde dit japanske yndlingst\u00f8j gennem levering til din d\u00f8r.<br><strong>Mission p\u00e5 tv\u00e6rs af Europa:<\/strong> Vi er stolte af at kunne tilbyde levering til alle lande i Europa. Uanset hvor du er, kan du nyde dit japanske yndlingst\u00f8j ved at f\u00e5 det leveret lige til d\u00f8ren.<br><strong>Priser for forsendelse:<\/strong> Forsendelsespriserne beregnes ud fra destinationen og v\u00e6gten af din ordre. Under ordreafslutningen vil den n\u00f8jagtige forsendelsespris blive vist for dig.<br><strong>Leveringstid:<\/strong> Vi g\u00f8r alt for at behandle din ordre s\u00e5 hurtigt som muligt. Den ansl\u00e5ede leveringstid afh\u00e6nger af destinationen og de lokale transporttjenester. Normalt varierer leveringstiden fra 5 til 10 arbejdsdage.<\/div>\n\n\n\n<h3 id=\"gspb_heading-id-gsbp-4334d92\" class=\"gspb_heading gspb_heading-id-gsbp-4334d92\">Forsendelsesprocedure<\/h3>\n\n\n\n<div id=\"gspb_text-id-gsbp-08a04d8\" class=\"gspb_text gspb_text-id-gsbp-08a04d8\"><strong>Behandling af ordre:<\/strong> N\u00e5r du har gennemf\u00f8rt din bestilling, behandler vores team din ordre med omhu og k\u00e6rlighed. Vi tjekker dine produkter for kvalitet og pakker dem med omhu for sikker transport.<br><strong>Forsendelse og overv\u00e5gning:<\/strong> N\u00e5r din ordre er afsendt, modtager du et sporingsnummer, s\u00e5 du kan f\u00f8lge med i, hvordan det g\u00e5r med din ordre, indtil den n\u00e5r frem til din destination. Du kan bruge dette nummer til at tjekke den forventede ankomsttid.<br><strong>Levering:<\/strong> N\u00e5r din ordre ankommer, vil du modtage din pakke ved din d\u00f8r. Vi anbefaler, at du tjekker dine produkter for at sikre, at de er i god stand og lever op til dine forventninger.<br><\/div>\n\n\n\n<div id=\"gspb_text-id-gsbp-e818523\" class=\"gspb_text gspb_text-id-gsbp-e818523\">Hvis du har sp\u00f8rgsm\u00e5l eller brug for hj\u00e6lp, s\u00e5 t\u00f8v ikke med at kontakte vores kundeserviceteam. Vi er her for at hj\u00e6lpe dig og sikre, at din forsendelse bliver en succes, og at du modtager dine produkter med komfort og gl\u00e6de.<br>Tak for din tillid til mo mo!<\/div>","protected":false},"excerpt":{"rendered":"","protected":false},"author":187,"featured_media":0,"parent":0,"menu_order":0,"comment_status":"closed","ping_status":"closed","template":"","meta":{"_gspb_post_css":"","footnotes":""},"class_list":["post-9476","page","type-page","status-publish","hentry"],"blocksy_meta":[],"_links":{"self":[{"href":"https:\/\/mo-mo.gr\/da\/wp-json\/wp\/v2\/pages\/9476","targetHints":{"allow":["GET"]}}],"collection":[{"href":"https:\/\/mo-mo.gr\/da\/wp-json\/wp\/v2\/pages"}],"about":[{"href":"https:\/\/mo-mo.gr\/da\/wp-json\/wp\/v2\/types\/page"}],"author":[{"embeddable":true,"href":"https:\/\/mo-mo.gr\/da\/wp-json\/wp\/v2\/users\/187"}],"replies":[{"embeddable":true,"href":"https:\/\/mo-mo.gr\/da\/wp-json\/wp\/v2\/comments?post=9476"}],"version-history":[{"count":0,"href":"https:\/\/mo-mo.gr\/da\/wp-json\/wp\/v2\/pages\/9476\/revisions"}],"wp:attachment":[{"href":"https:\/\/mo-mo.gr\/da\/wp-json\/wp\/v2\/media?parent=9476"}],"curies":[{"name":"wp","href":"https:\/\/api.w.org\/{rel}","templated":true}]}}