{"id":9469,"date":"2024-12-12T12:05:27","date_gmt":"2024-12-12T12:05:27","guid":{"rendered":"https:\/\/mo-mo.gr\/?page_id=9469"},"modified":"2025-03-05T10:36:03","modified_gmt":"2025-03-05T08:36:03","slug":"%cf%84%cf%81%cf%8c%cf%80%ce%bf%ce%b9-%cf%80%ce%bb%ce%b7%cf%81%cf%89%ce%bc%ce%ae%cf%82","status":"publish","type":"page","link":"https:\/\/mo-mo.gr\/da\/%cf%84%cf%81%cf%8c%cf%80%ce%bf%ce%b9-%cf%80%ce%bb%ce%b7%cf%81%cf%89%ce%bc%ce%ae%cf%82\/","title":{"rendered":"Betalingsmetoder"},"content":{"rendered":"<div id=\"gspb_text-id-gsbp-61d7f10\" class=\"gspb_text gspb_text-id-gsbp-61d7f10\">Hos MOMO KIDOHO d\u00e6kker vi alle kunders behov og tilbyder mange betalingsmuligheder med sikkerhed og p\u00e5lidelighed.<br>S\u00f8rg for at v\u00e6lge den mest bekvemme betalingsmetode til dit k\u00f8b. Vi tilbyder flere betalingsmetoder for at g\u00f8re det nemmere for dig:<br><br>1. **<strong>Kredit-\/Debitkort<\/strong>**: Vi accepterer betalinger via Visa, Mastercard og American Express. Du skal blot indtaste dine kortoplysninger ved kassen.<br><br>2. **<strong>Bankoverf\u00f8rsel<\/strong>**: Du kan betale via bankoverf\u00f8rsel. Du vil modtage de n\u00f8dvendige bankkontooplysninger, n\u00e5r du har gennemf\u00f8rt bestillingen.<br><br>3. **<strong>Udskiftning<\/strong>**: Du kan betale distribut\u00f8ren ved levering af din ordre. (Bem\u00e6rk: produkter, der er lavet p\u00e5 bestilling, er ikke inkluderet p\u00e5 denne m\u00e5de). Efterkrav leveres mod et ekstra gebyr p\u00e5 1,60 euro plus moms.<br><br>4. **<strong>IRIS-system<\/strong>**: Brug IRIS-systemet til sikre og hurtige betalinger via bankkonto.<br>Hvis du har sp\u00f8rgsm\u00e5l eller bekymringer om betalingsmetoder, er du velkommen til at kontakte os. Vi er her for at hj\u00e6lpe dig!<br><\/div>\n\n\n\n<p>5. <strong>**PayPal**<\/strong>: Du kan betale nemt og sikkert via <strong>PayPal<\/strong>uden at skulle indtaste dine kortoplysninger. V\u00e6lg PayPal ved kassen, og du vil blive omdirigeret til PayPals sikre betalingsplatform.<\/p>","protected":false},"excerpt":{"rendered":"<p>5. **PayPal**: \u039c\u03c0\u03bf\u03c1\u03b5\u03af\u03c4\u03b5 \u03bd\u03b1 \u03c0\u03bb\u03b7\u03c1\u03ce\u03c3\u03b5\u03c4\u03b5 \u03b5\u03cd\u03ba\u03bf\u03bb\u03b1 \u03ba\u03b1\u03b9 \u03bc\u03b5 \u03b1\u03c3\u03c6\u03ac\u03bb\u03b5\u03b9\u03b1 \u03bc\u03ad\u03c3\u03c9 PayPal, \u03c7\u03c9\u03c1\u03af\u03c2 \u03bd\u03b1 \u03c7\u03c1\u03b5\u03b9\u03ac\u03b6\u03b5\u03c4\u03b1\u03b9 \u03bd\u03b1 \u03b5\u03b9\u03c3\u03ac\u03b3\u03b5\u03c4\u03b5 \u03c4\u03b1 \u03c3\u03c4\u03bf\u03b9\u03c7\u03b5\u03af\u03b1 \u03c4\u03b7\u03c2 \u03ba\u03ac\u03c1\u03c4\u03b1\u03c2 \u03c3\u03b1\u03c2. \u0395\u03c0\u03b9\u03bb\u03ad\u03be\u03c4\u03b5 \u03c4\u03bf PayPal \u03ba\u03b1\u03c4\u03ac \u03c4\u03b7\u03bd \u03bf\u03bb\u03bf\u03ba\u03bb\u03ae\u03c1\u03c9\u03c3\u03b7 \u03c4\u03b7\u03c2 \u03b1\u03b3\u03bf\u03c1\u03ac\u03c2 \u03ba\u03b1\u03b9 \u03b8\u03b1 \u03bc\u03b5\u03c4\u03b1\u03c6\u03b5\u03c1\u03b8\u03b5\u03af\u03c4\u03b5 \u03c3\u03c4\u03b7\u03bd \u03b1\u03c3\u03c6\u03b1\u03bb\u03ae \u03c0\u03bb\u03b1\u03c4\u03c6\u03cc\u03c1\u03bc\u03b1 \u03c0\u03bb\u03b7\u03c1\u03c9\u03bc\u03ce\u03bd \u03c4\u03bf\u03c5 PayPal.<\/p>","protected":false},"author":187,"featured_media":0,"parent":0,"menu_order":0,"comment_status":"closed","ping_status":"closed","template":"","meta":{"_gspb_post_css":"","footnotes":""},"class_list":["post-9469","page","type-page","status-publish","hentry"],"blocksy_meta":[],"_links":{"self":[{"href":"https:\/\/mo-mo.gr\/da\/wp-json\/wp\/v2\/pages\/9469","targetHints":{"allow":["GET"]}}],"collection":[{"href":"https:\/\/mo-mo.gr\/da\/wp-json\/wp\/v2\/pages"}],"about":[{"href":"https:\/\/mo-mo.gr\/da\/wp-json\/wp\/v2\/types\/page"}],"author":[{"embeddable":true,"href":"https:\/\/mo-mo.gr\/da\/wp-json\/wp\/v2\/users\/187"}],"replies":[{"embeddable":true,"href":"https:\/\/mo-mo.gr\/da\/wp-json\/wp\/v2\/comments?post=9469"}],"version-history":[{"count":0,"href":"https:\/\/mo-mo.gr\/da\/wp-json\/wp\/v2\/pages\/9469\/revisions"}],"wp:attachment":[{"href":"https:\/\/mo-mo.gr\/da\/wp-json\/wp\/v2\/media?parent=9469"}],"curies":[{"name":"wp","href":"https:\/\/api.w.org\/{rel}","templated":true}]}}