{"id":9465,"date":"2024-12-12T12:01:11","date_gmt":"2024-12-12T12:01:11","guid":{"rendered":"https:\/\/mo-mo.gr\/?page_id=9465"},"modified":"2024-12-12T12:04:19","modified_gmt":"2024-12-12T12:04:19","slug":"%cf%80%ce%bf%ce%bb%ce%b9%cf%84%ce%b9%ce%ba%ce%ae-%ce%b5%cf%80%ce%b9%cf%83%cf%84%cf%81%ce%bf%cf%86%cf%8e%ce%bd","status":"publish","type":"page","link":"https:\/\/mo-mo.gr\/da\/%cf%80%ce%bf%ce%bb%ce%b9%cf%84%ce%b9%ce%ba%ce%ae-%ce%b5%cf%80%ce%b9%cf%83%cf%84%cf%81%ce%bf%cf%86%cf%8e%ce%bd\/","title":{"rendered":"Politik for returnering"},"content":{"rendered":"<div id=\"gspb_text-id-gsbp-cb2249f\" class=\"gspb_text gspb_text-id-gsbp-cb2249f\">Tak, fordi du har valgt mo mo til dine indk\u00f8b! Vi forst\u00e5r, at der kan v\u00e6re tilf\u00e6lde, hvor det er n\u00f8dvendigt at returnere produkter, og vi vil gerne informere dig om vores returpolitik og -procedure.<\/div>\n\n\n\n<h2 id=\"gspb_heading-id-gsbp-8ecb560\" class=\"gspb_heading gspb_heading-id-gsbp-8ecb560\">Politik for returnering<\/h2>\n\n\n\n<div id=\"gspb_text-id-gsbp-14a4da8\" class=\"gspb_text gspb_text-id-gsbp-14a4da8\"><strong>Accept af returnering:<\/strong> Vi accepterer returnering af produkter i tilf\u00e6lde af u\u00f8nskede eller defekte produkter. Vi foresl\u00e5r, at du kontakter os inden for 14 dage efter modtagelsen af produktet for at anmode om en returnering.<br><strong>Produktstatus:<\/strong> For at vi kan acceptere en returnering, skal produktet v\u00e6re i ny stand, ubrugt og have bevaret alle originale etiketter og emballage.<br><strong>Kompensation eller erstatning:<\/strong> Du kan v\u00e6lge mellem tilbagebetaling eller ombytning af det returnerede produkt. I tilf\u00e6lde af en returnering p\u00e5 grund af et defekt produkt refunderer vi hele det betalte bel\u00f8b.<\/div>\n\n\n\n<h2 id=\"gspb_heading-id-gsbp-bfb5b3f\" class=\"gspb_heading gspb_heading-id-gsbp-bfb5b3f\">Procedure for returnering<\/h2>\n\n\n\n<div id=\"gspb_text-id-gsbp-bcb0895\" class=\"gspb_text gspb_text-id-gsbp-bcb0895\"><strong>Kontakt:<\/strong> Kontakt vores kundeserviceteam for at anbefale en tilbagebetaling. Vi vil give dig de n\u00f8dvendige instruktioner og adresse til at sende produktet.<br><strong>Overv\u00e5gning og evaluering:<\/strong> N\u00e5r vi har modtaget det returnerede produkt, kontrollerer vi det for at bekr\u00e6fte dets tilstand. Det kan tage et par arbejdsdage.<br><strong>Behandling af returnering:<\/strong> Hvis returbetingelserne er opfyldt, refunderer eller erstatter vi produktet efter dit valg.<\/div>\n\n\n\n<div id=\"gspb_text-id-gsbp-57e2131\" class=\"gspb_text gspb_text-id-gsbp-57e2131\">For mere information eller sp\u00f8rgsm\u00e5l, kontakt venligst vores kundeserviceteam. Vi h\u00e5ber, at din shoppingoplevelse bliver unik og tilfredsstillende.<br>Tak for din tillid til mo mo!<\/div>\n\n\n\n<h2 id=\"gspb_heading-id-gsbp-3375ed8\" class=\"gspb_heading gspb_heading-id-gsbp-3375ed8\">\u00c6ndringer<\/h2>\n\n\n\n<div id=\"gspb_text-id-gsbp-acf24f3\" class=\"gspb_text gspb_text-id-gsbp-acf24f3\">Tak, fordi du har k\u00f8bt produkter fra mo mo! Vi forst\u00e5r, at det nogle gange er n\u00f8dvendigt at \u00e6ndre produkter, og vi vil gerne informere dig om vores politik og procedure for \u00e6ndringer.<\/div>\n\n\n\n<h2 id=\"gspb_heading-id-gsbp-2b2da6b\" class=\"gspb_heading gspb_heading-id-gsbp-2b2da6b\">Politik for forandring<\/h2>\n\n\n\n<div id=\"gspb_text-id-gsbp-a670010\" class=\"gspb_text gspb_text-id-gsbp-a670010\"><strong>Accept af \u00e6ndringer:<\/strong> Vi accepterer produkt\u00e6ndringer, forudsat at produktet er i perfekt stand og har bevaret alle originale etiketter og emballage.<br><strong>Tidsramme for \u00e6ndringer:<\/strong> Vi anbefaler, at du kontakter os inden for 14 dage efter modtagelse af produktet for at anmode om en erstatning. Det afh\u00e6nger af tilg\u00e6ngeligheden af erstatningsproduktet.<br><strong>Muligheder for udveksling:<\/strong> Under ombytningsprocessen kan du v\u00e6lge mellem de tilg\u00e6ngelige erstatningsprodukter. I tilf\u00e6lde af manglende tilg\u00e6ngelighed kan du v\u00e6lge et andet produkt fra vores kollektion eller modtage et tilsvarende bel\u00f8b som kredit p\u00e5 din konto.<\/div>\n\n\n\n<h2 id=\"gspb_heading-id-gsbp-08c5d3a\" class=\"gspb_heading gspb_heading-id-gsbp-08c5d3a\">Vilk\u00e5rene for \u00e6ndringer<\/h2>\n\n\n\n<div id=\"gspb_text-id-gsbp-df56f26\" class=\"gspb_text gspb_text-id-gsbp-df56f26\">Produktet skal returneres i ny stand, ubrugt og med alle originale etiketter og emballage.<br>Kunden er ansvarlig for forsendelsesomkostningerne for returnering af produktet og forsendelse af det nye produkt (medmindre der er tale om en defekt eller fejl fra vores side).<br>Hvis prisen p\u00e5 det nye produkt er h\u00f8jere, skal forskellen d\u00e6kkes.<br>Hvis du vil anmode om en produkt\u00e6ndring eller har yderligere sp\u00f8rgsm\u00e5l, bedes du kontakte vores kundeserviceteam. Vi h\u00e5ber, at denne \u00e6ndringspolitik vil give dig en behagelig shoppingoplevelse hos mo mo!<\/div>","protected":false},"excerpt":{"rendered":"","protected":false},"author":187,"featured_media":0,"parent":0,"menu_order":0,"comment_status":"closed","ping_status":"closed","template":"","meta":{"_gspb_post_css":"","footnotes":""},"class_list":["post-9465","page","type-page","status-publish","hentry"],"blocksy_meta":[],"_links":{"self":[{"href":"https:\/\/mo-mo.gr\/da\/wp-json\/wp\/v2\/pages\/9465","targetHints":{"allow":["GET"]}}],"collection":[{"href":"https:\/\/mo-mo.gr\/da\/wp-json\/wp\/v2\/pages"}],"about":[{"href":"https:\/\/mo-mo.gr\/da\/wp-json\/wp\/v2\/types\/page"}],"author":[{"embeddable":true,"href":"https:\/\/mo-mo.gr\/da\/wp-json\/wp\/v2\/users\/187"}],"replies":[{"embeddable":true,"href":"https:\/\/mo-mo.gr\/da\/wp-json\/wp\/v2\/comments?post=9465"}],"version-history":[{"count":0,"href":"https:\/\/mo-mo.gr\/da\/wp-json\/wp\/v2\/pages\/9465\/revisions"}],"wp:attachment":[{"href":"https:\/\/mo-mo.gr\/da\/wp-json\/wp\/v2\/media?parent=9465"}],"curies":[{"name":"wp","href":"https:\/\/api.w.org\/{rel}","templated":true}]}}