{"id":9457,"date":"2024-12-12T11:52:48","date_gmt":"2024-12-12T11:52:48","guid":{"rendered":"https:\/\/mo-mo.gr\/?page_id=9457"},"modified":"2024-12-12T11:56:13","modified_gmt":"2024-12-12T11:56:13","slug":"%cf%80%ce%bf%ce%bb%ce%b9%cf%84%ce%b9%ce%ba%ce%ae-%ce%b1%cf%80%ce%bf%cf%81%cf%81%ce%ae%cf%84%ce%bf%cf%85","status":"publish","type":"page","link":"https:\/\/mo-mo.gr\/da\/%cf%80%ce%bf%ce%bb%ce%b9%cf%84%ce%b9%ce%ba%ce%ae-%ce%b1%cf%80%ce%bf%cf%81%cf%81%ce%ae%cf%84%ce%bf%cf%85\/","title":{"rendered":"Politik for beskyttelse af personlige oplysninger"},"content":{"rendered":"<div id=\"gspb_text-id-gsbp-df510c7\" class=\"gspb_text gspb_text-id-gsbp-df510c7\">P\u00e5 mo-mo.gr er vi forpligtet til at respektere og bevare dit privatliv og v\u00e6rds\u00e6tter den tillid, du viser os. \"Privatlivspolitikken\" og \"cookiepolitikken\" har til form\u00e5l at sikre, at alle personlige data, der indsamles af mo-mo.gr (i det f\u00f8lgende ben\u00e6vnt \"webstedet\"), vil blive beskyttet, brugt, gemt og behandlet af os med henblik p\u00e5 kommunikation mellem os og levering af tjenester, altid i overensstemmelse med den g\u00e6ldende lovgivning om beskyttelse af personoplysninger (forordning (EU) 2016\/679).<\/div>\n\n\n\n<div id=\"gspb_text-id-gsbp-cdab9dc\" class=\"gspb_text gspb_text-id-gsbp-cdab9dc\">Du skal v\u00e6re opm\u00e6rksom p\u00e5, at vi indsamler dine data direkte fra dig:<br>- n\u00e5r du abonnerer p\u00e5 vores nyhedsbrev.<br>- n\u00e5r du deltager i konkurrencer og lodtr\u00e6kninger.<br>- n\u00e5r du udfylder tilbudsforesp\u00f8rgslen eller kontaktformularen.<br>- hvis du \u00f8nsker at modtage personlige opdateringer som f.eks. m\u00e5lrettede annoncer.<br>- hvis du kontakter os (f.eks. via telefon, e-mail eller p\u00e5 anden m\u00e5de) for at forh\u00f8re dig om vores produkter eller tjenester eller kundeservice eller for at rapportere et problem med hjemmesiden eller andet.<\/div>\n\n\n\n<h2 id=\"gspb_heading-id-gsbp-2945a9b\" class=\"gspb_heading gspb_heading-id-gsbp-2945a9b\">Generelt<\/h2>\n\n\n\n<div id=\"gspb_text-id-gsbp-fc883c9\" class=\"gspb_text gspb_text-id-gsbp-fc883c9\">Webstedet mo-mo.gr (\"webstedet\") informerer dig om politikkerne vedr\u00f8rende indsamling, brug og videregivelse af personoplysninger, n\u00e5r du bruger vores websted, og de valg, du har i forbindelse med disse data.<br>Vi bruger dine data til at behandle dine anmodninger og forbedre vores hjemmeside. Ved at bruge hjemmesiden accepterer du indsamling og brug af oplysninger i overensstemmelse med denne politik.<br>Vores virksomheds hjemmeside er designet til at overholde f\u00f8lgende nationale og internationale lovgivning vedr\u00f8rende databeskyttelse og brugernes privatliv:<br>EU's databeskyttelsesdirektiv fra 1995 (DPD)<br>EU's generelle forordning om databeskyttelse 2018 (GDPR)<br>Dette websteds overholdelse af ovenn\u00e6vnte lovgivning betyder, at dette websted overholder lovgivningen om databeskyttelse og brugernes privatliv, som er vedtaget i andre lande og territorier.<\/div>\n\n\n\n<h2 id=\"gspb_heading-id-gsbp-7b4b75b\" class=\"gspb_heading gspb_heading-id-gsbp-7b4b75b\">Indsamling og brug af information<\/h2>\n\n\n\n<div id=\"gspb_text-id-gsbp-031d952\" class=\"gspb_text gspb_text-id-gsbp-031d952\">Vi indsamler forskellige typer oplysninger til forskellige form\u00e5l for at kunne levere og forbedre vores hjemmeside til dig.<br>Vi indsamler ogs\u00e5 kun ordredata til brug og behandling af leveringen af ordren.<\/div>\n\n\n\n<h2 id=\"gspb_heading-id-gsbp-e3b8807\" class=\"gspb_heading gspb_heading-id-gsbp-e3b8807\">Typer af indsamlede data - Personlige data<\/h2>\n\n\n\n<div id=\"gspb_text-id-gsbp-16d275a\" class=\"gspb_text gspb_text-id-gsbp-16d275a\">N\u00e5r du bruger vores websted, kan vi bede dig om at give os visse personlige oplysninger (\"personoplysninger\"), der kan bruges til at kontakte eller identificere dig med henblik p\u00e5 at behandle din anmodning eller kontakte dig. De oplysninger, der registreres og gemmes, er som f\u00f8lger:<br>Navn, efternavn, e-mail, telefon, foresp\u00f8rgsler\/beskeder, cookie- og brugsdata.<\/div>\n\n\n\n<h2 id=\"gspb_heading-id-gsbp-119b723\" class=\"gspb_heading gspb_heading-id-gsbp-119b723\">Brugsdata<\/h2>\n\n\n\n<div id=\"gspb_text-id-gsbp-31c0562\" class=\"gspb_text gspb_text-id-gsbp-31c0562\">Vi kan ogs\u00e5 indsamle oplysninger om, hvordan du f\u00e5r adgang til og bruger webstedet (\"brugsdata\").<br>Disse brugsdata kan omfatte oplysninger som din computers internetprotokoladresse (f.eks. IP-adresse), browsertype, browserversion, de sider p\u00e5 webstedet, du bes\u00f8ger, tidspunktet og datoen for dit bes\u00f8g, den tid, der er brugt p\u00e5 disse sider, enhedsidentifikatorer og andre diagnostiske data.<\/div>\n\n\n\n<h2 id=\"gspb_heading-id-gsbp-729c552\" class=\"gspb_heading gspb_heading-id-gsbp-729c552\">GDPR<\/h2>\n\n\n\n<div id=\"gspb_text-id-gsbp-85a8f7c\" class=\"gspb_text gspb_text-id-gsbp-85a8f7c\">I betragtning af internettets internationaliserede karakter og dets omfang kan virksomheden eller dens ledere ikke drages til ansvar for direkte skader, f\u00f8lgeskader, tilf\u00e6ldige skader, indirekte skader eller f\u00f8lgeskader, der opst\u00e5r som f\u00f8lge af en brugers adgang til mo-mo.gr eller brugen af den, herunder tilf\u00e6lde af uagtsomhed. Brugere r\u00e5des til at bruge software til at beskytte sig mod computervirus og andre former for malware.<br><br>Virksomheden er ikke ansvarlig for skader og udgifter, der opst\u00e5r i forbindelse med brugen af mo-mo.gr eller manglende evne til at bruge den, af nogen person, eller i forbindelse med manglende evne til at udf\u00f8re, fejl, udeladelse, afbrydelse, defekt, forsinkelse i drift eller transmission eller systemlinjesvigt. I tilf\u00e6lde af, at der opst\u00e5r skade eller infektion med elektroniske vira p\u00e5 den computer eller andet elektronisk medie, der bruges af en bruger til at f\u00e5 adgang til\/bes\u00f8ge\/bruge eller downloade materiale, data, tekst, billeder, video eller lyd af dets indhold, er virksomheden ikke ansvarlig p\u00e5 nogen m\u00e5de.<br><br>De tjenester, der er tilg\u00e6ngelige via webstedet, leveres til brugerne af e-butikken \"som de er\". Virksomheden garanterer ikke, at indholdet af mo-mo.gr og kvaliteten af de leverede tjenester vil opfylde brugernes krav og forventninger. Virksomheden b\u00e6rer ikke noget ansvar for juridiske eller civile eller strafferetlige krav i forbindelse med driften eller brugen af mo-mo.gr eller for skader af nogen art, der er for\u00e5rsaget af bes\u00f8gende p\u00e5 webstedet eller af tredjeparter.<br><br>Virksomheden er ikke ansvarlig eller p\u00e5tager sig nogen form for kompensationsforpligtelse for ethvert krav relateret til indholdet af mo-mo.gr eller for enhver fejl, simpel eller bagvaskelse, forn\u00e6rmelse, udeladelse, l\u00f8gn, blasfemi, pornografi, blasfemi, fare eller un\u00f8jagtighed, der findes i dets indhold.<\/div>\n\n\n\n<h2 id=\"gspb_heading-id-gsbp-d55ecbe\" class=\"gspb_heading gspb_heading-id-gsbp-d55ecbe\">G\u00e6ldende lov og andre vilk\u00e5r<\/h2>\n\n\n\n<div id=\"gspb_text-id-gsbp-3465e0e\" class=\"gspb_text gspb_text-id-gsbp-3465e0e\"><strong>Vilk\u00e5r for samtykke:<\/strong> Vi behandler dine data, n\u00e5r du har givet dit samtykke. Du har til enhver tid ret til at tr\u00e6kke dit samtykke tilbage.<br><br><strong>Ret til adgang:<\/strong> Du har ret til at f\u00e5 en bekr\u00e6ftelse fra os p\u00e5, om dine data bliver behandlet.<br><br><strong>Ret til berigtigelse:<\/strong> Du har ret til uden un\u00f8dig forsinkelse at f\u00e5 rettet ukorrekte personoplysninger om dig fra os.<br><br><strong>Ret til sletning:<\/strong> Du har ret til at bede os om at slette persondata om dig, og vi har pligt til at slette persondata uden un\u00f8dig forsinkelse.<br><br><strong>Ret til at begr\u00e6nse behandlingen:<\/strong> Du har ret til at bede os om at begr\u00e6nse behandlingen af dine data.<br><br><strong>Ret til dataportabilitet:<\/strong> Du har ret til at modtage de personoplysninger, du har givet os, i et struktureret, almindeligt anvendt og maskinl\u00e6sbart format, og du har ret til at overf\u00f8re disse oplysninger til en anden dataansvarlig.<\/div>\n\n\n\n<h2 id=\"gspb_heading-id-gsbp-47571d4\" class=\"gspb_heading gspb_heading-id-gsbp-47571d4\">Brug af data<\/h2>\n\n\n\n<div id=\"gspb_text-id-gsbp-29e3627\" class=\"gspb_text gspb_text-id-gsbp-29e3627\">Webstedet mo-mo.gr bruger de indsamlede data til forskellige form\u00e5l s\u00e5som: at levere og vedligeholde webstedet, at underrette dig om opdateringer til webstedet, at g\u00f8re det muligt for dig at deltage i interaktive funktioner p\u00e5 vores websted, n\u00e5r du v\u00e6lger det (kontaktformularer osv.), at yde kundesupport, at analysere oplysningerne, s\u00e5 vi kan forbedre webstedet.<br>- Overv\u00e5gning af brugen af hjemmesiden.<br>- At identificere, forebygge og l\u00f8se tekniske problemer.<\/div>\n\n\n\n<h2 id=\"gspb_heading-id-gsbp-0b31d18\" class=\"gspb_heading gspb_heading-id-gsbp-0b31d18\">Dataoverf\u00f8rsel<\/h2>\n\n\n\n<div id=\"gspb_text-id-gsbp-cafe457\" class=\"gspb_text gspb_text-id-gsbp-cafe457\">Vi overf\u00f8rer ikke dine personlige data til tredjeparter. Dine oplysninger, herunder personoplysninger, kan overf\u00f8res til - og vedligeholdes p\u00e5 - computere, der er placeret uden for din stat, provins, land eller anden statslig jurisdiktion, hvor databeskyttelseslove kan afvige fra dem i din jurisdiktion.<br>Webstedet mo-mo.gr vil tr\u00e6ffe alle n\u00f8dvendige foranstaltninger for at sikre, at dine data h\u00e5ndteres sikkert og i overensstemmelse med denne fortrolighedspolitik og vil ikke overf\u00f8re dine personlige data til en organisation eller et land, medmindre der er tilstr\u00e6kkelig kontrol p\u00e5 plads, herunder datasikkerhed og andre personlige oplysninger.<br>- Overv\u00e5gning af brugen af hjemmesiden.<br>- At identificere, forebygge og l\u00f8se tekniske problemer.<\/div>\n\n\n\n<h2 id=\"gspb_heading-id-gsbp-2a59555\" class=\"gspb_heading gspb_heading-id-gsbp-2a59555\">Sporing af hjemmesidebes\u00f8g<\/h2>\n\n\n\n<div id=\"gspb_text-id-gsbp-1a411b9\" class=\"gspb_text gspb_text-id-gsbp-1a411b9\">Som de fleste hjemmesider bruger vores hjemmeside Google Analytics (GA) til at spore brugerinteraktion.<br>Vi bruger disse data til at bestemme antallet af personer, der bruger vores hjemmeside, til bedre at forst\u00e5, hvordan de finder og bruger vores hjemmesider, og til at se deres rejse gennem hjemmesiden.<br>Selvom GA registrerer data s\u00e5som din geografiske placering, enhed, internetbrowser og operativsystem, identificerer ingen af disse oplysninger dig personligt.<br>GA registrerer ogs\u00e5 din computers IP-adresse, som kan bruges til at identificere dig personligt, men Google giver os ikke adgang til dette.<br>Vi betragter Google som en tredjeparts databehandler.<br>GA bruger cookies, som du kan finde oplysninger om i Googles udviklervejledninger. Vores hjemmeside bruger GA's analytics.js-applikation.<br>Deaktivering af cookies i din internetbrowser forhindrer GA i at spore nogen del af dit bes\u00f8g p\u00e5 sider p\u00e5 dette websted.<br>Webstedet mo-mo.gr vil tr\u00e6ffe alle n\u00f8dvendige foranstaltninger for at sikre, at dine data h\u00e5ndteres sikkert og i overensstemmelse med denne fortrolighedspolitik og vil ikke overf\u00f8re dine personlige data til en organisation eller et land, medmindre der er tilstr\u00e6kkelig kontrol p\u00e5 plads, herunder datasikkerhed og andre personlige oplysninger.<br>- Overv\u00e5gning af brugen af hjemmesiden.<br>- At identificere, forebygge og l\u00f8se tekniske problemer.<\/div>\n\n\n\n<h2 id=\"gspb_heading-id-gsbp-c05367d\" class=\"gspb_heading gspb_heading-id-gsbp-c05367d\">S\u00e5dan opbevarer vi dine personlige oplysninger<\/h2>\n\n\n\n<div id=\"gspb_text-id-gsbp-13a39f8\" class=\"gspb_text gspb_text-id-gsbp-13a39f8\">N\u00e5r du surfer p\u00e5 vores virksomheds hjemmeside, er dine personlige oplysninger kun n\u00f8dvendige, hvis du \u00f8nsker at kontakte os via kontaktformularen, hvor du giver os dine kontaktoplysninger, eller som kunde i vores onlinebutik.<\/div>\n\n\n\n<h2 id=\"gspb_heading-id-gsbp-c078134\" class=\"gspb_heading gspb_heading-id-gsbp-c078134\">Elektronisk butik<\/h2>\n\n\n\n<div id=\"gspb_text-id-gsbp-32243e1\" class=\"gspb_text gspb_text-id-gsbp-32243e1\">Dine personlige oplysninger om dine ordrer gemmes p\u00e5 f\u00f8lgende m\u00e5de:<br>- Opbevaring af inaktive konti \/ 1 \u00e5r.<br>- Opbevaring af afventende ordrer \/ 2 uger.<br>- Opbevaring af forkerte ordrer \/ 2 uger.<br>- Opbevaring af annullerede ordrer \/ 1 uge.<br>- Vedligehold, s\u00e5 du har en historik over dine ordrer p\u00e5 kontosiden.<\/div>\n\n\n\n<h2 id=\"gspb_heading-id-gsbp-e216c01\" class=\"gspb_heading gspb_heading-id-gsbp-e216c01\">Brud p\u00e5 datasikkerheden<\/h2>\n\n\n\n<div id=\"gspb_text-id-gsbp-7f1304c\" class=\"gspb_text gspb_text-id-gsbp-7f1304c\">Vi vil rapportere ethvert ulovligt databrud p\u00e5 dette websteds database eller enhver tredjeparts databehandlers database til alle relevante personer og myndigheder inden for 72 timer efter bruddet, hvis det er tydeligt, at personoplysninger, der er lagret i en identificerbar form, er blevet stj\u00e5let.<\/div>\n\n\n\n<h2 id=\"gspb_heading-id-gsbp-7047a8a\" class=\"gspb_heading gspb_heading-id-gsbp-7047a8a\">\u00c6ndringer i vores privatlivspolitik<\/h2>\n\n\n\n<div id=\"gspb_text-id-gsbp-1b93554\" class=\"gspb_text gspb_text-id-gsbp-1b93554\">Privatlivspolitikken kan \u00e6ndres fra tid til anden i overensstemmelse med lovgivningen eller udviklingen i branchen.<br>Vi vil ikke eksplicit informere vores kunder eller hjemmesidebrugere om disse \u00e6ndringer.<br>I stedet anbefaler vi, at du tjekker denne side med j\u00e6vne mellemrum for eventuelle \u00e6ndringer i politikken.<\/div>","protected":false},"excerpt":{"rendered":"","protected":false},"author":187,"featured_media":0,"parent":0,"menu_order":0,"comment_status":"closed","ping_status":"closed","template":"","meta":{"_gspb_post_css":"","footnotes":""},"class_list":["post-9457","page","type-page","status-publish","hentry"],"blocksy_meta":[],"_links":{"self":[{"href":"https:\/\/mo-mo.gr\/da\/wp-json\/wp\/v2\/pages\/9457","targetHints":{"allow":["GET"]}}],"collection":[{"href":"https:\/\/mo-mo.gr\/da\/wp-json\/wp\/v2\/pages"}],"about":[{"href":"https:\/\/mo-mo.gr\/da\/wp-json\/wp\/v2\/types\/page"}],"author":[{"embeddable":true,"href":"https:\/\/mo-mo.gr\/da\/wp-json\/wp\/v2\/users\/187"}],"replies":[{"embeddable":true,"href":"https:\/\/mo-mo.gr\/da\/wp-json\/wp\/v2\/comments?post=9457"}],"version-history":[{"count":0,"href":"https:\/\/mo-mo.gr\/da\/wp-json\/wp\/v2\/pages\/9457\/revisions"}],"wp:attachment":[{"href":"https:\/\/mo-mo.gr\/da\/wp-json\/wp\/v2\/media?parent=9457"}],"curies":[{"name":"wp","href":"https:\/\/api.w.org\/{rel}","templated":true}]}}