{"id":9451,"date":"2024-12-12T11:37:23","date_gmt":"2024-12-12T11:37:23","guid":{"rendered":"https:\/\/mo-mo.gr\/?page_id=9451"},"modified":"2024-12-12T11:46:32","modified_gmt":"2024-12-12T11:46:32","slug":"%cf%8c%cf%81%ce%bf%ce%b9-%cf%87%cf%81%ce%ae%cf%83%ce%b7%cf%82","status":"publish","type":"page","link":"https:\/\/mo-mo.gr\/da\/%cf%8c%cf%81%ce%bf%ce%b9-%cf%87%cf%81%ce%ae%cf%83%ce%b7%cf%82\/","title":{"rendered":"Vilk\u00e5r for brug"},"content":{"rendered":"<div id=\"gspb_text-id-gsbp-ae82458\" class=\"gspb_text gspb_text-id-gsbp-ae82458\">Velkommen til mo-mo.gr, som tilbyder h\u00e5ndlavet t\u00f8j.<\/div>\n\n\n\n<div id=\"gspb_text-id-gsbp-59edf96\" class=\"gspb_text gspb_text-id-gsbp-59edf96\">Adgang til og brug af webstedet og de tjenester, der er tilg\u00e6ngelige via det (i det f\u00f8lgende ben\u00e6vnt \"tjenester\"), er underlagt f\u00f8lgende vilk\u00e5r og betingelser (i det f\u00f8lgende ben\u00e6vnt \"brugsvilk\u00e5r\"). Brugen af tjenesterne indeb\u00e6rer en ubetinget accept af de til enhver tid g\u00e6ldende brugsvilk\u00e5r. Virksomheden forbeholder sig ret til at \u00e6ndre brugsbetingelserne efter eget sk\u00f8n og uden forudg\u00e5ende varsel. Det anbefales, at brugerne tjekker denne side fra tid til anden for at blive informeret om eventuelle \u00e6ndringer af brugsbetingelserne.<br><br>Virksomheden g\u00f8r alt for at sikre, at indholdet p\u00e5 mo-mo.gr indeholder komplette, n\u00f8jagtige, klare, gyldige, informative, rettidige, sande og ikke vildledende oplysninger. Virksomheden er under ingen omst\u00e6ndigheder ansvarlig, bundet eller garanteret i forhold til indholdets sikkerhed og tryghed. Derfor accepterer brugerne af mo-mo.gr muligheden for, at virksomheden ikke er i stand til at kontrollere alt sit indhold og sine tjenester.<br><br>Adgang til og brug af webstedet og de tjenester, der er tilg\u00e6ngelige via det (i det f\u00f8lgende ben\u00e6vnt \"tjenester\"), er underlagt f\u00f8lgende vilk\u00e5r og betingelser (i det f\u00f8lgende ben\u00e6vnt \"brugsvilk\u00e5r\"). Brugen af tjenesterne indeb\u00e6rer en ubetinget accept af de til enhver tid g\u00e6ldende brugsvilk\u00e5r. Virksomheden forbeholder sig ret til at \u00e6ndre brugsbetingelserne efter eget sk\u00f8n og uden forudg\u00e5ende varsel. Det anbefales, at brugerne tjekker denne side fra tid til anden for at blive informeret om eventuelle \u00e6ndringer af brugsbetingelserne.<br><br>Virksomheden g\u00f8r alt for at sikre, at indholdet p\u00e5 mo-mo.gr indeholder komplette, n\u00f8jagtige, klare, gyldige, informative, rettidige, sande og ikke vildledende oplysninger. Virksomheden er under ingen omst\u00e6ndigheder ansvarlig, bundet eller garanteret i forhold til indholdets sikkerhed og tryghed. Derfor accepterer brugerne af mo-mo.gr muligheden for, at virksomheden ikke er i stand til at kontrollere alt sit indhold og sine tjenester.<br>Brugen af mo-mo.gr af hver bruger er p\u00e5 hans \/ hendes egen risiko, og dets indhold udg\u00f8r ikke og kan p\u00e5 ingen m\u00e5de fortolkes som r\u00e5dgivning, direkte eller indirekte opmuntring til brugere til at tage nogen handling eller handling. Evalueringen af indholdet er ansvaret for hver bruger, der p\u00e5tager sig ansvaret for brugen af enhver del af indholdet.<\/div>\n\n\n\n<h2 id=\"gspb_heading-id-gsbp-37be37a\" class=\"gspb_heading gspb_heading-id-gsbp-37be37a\">Beskyttelse af personlige data<\/h2>\n\n\n\n<div id=\"gspb_text-id-gsbp-f8e9a7d\" class=\"gspb_text gspb_text-id-gsbp-f8e9a7d\">De oplysninger eller personoplysninger, du giver os, er underlagt behandling i henhold til databeskyttelsespolitikkerne. Ved at bruge dette websted giver du dit samtykke til behandling af s\u00e5danne oplysninger og data, og du erkl\u00e6rer, at alle oplysninger og data, du giver os, er sande og n\u00f8jagtige.<\/div>\n\n\n\n<h2 id=\"gspb_heading-id-gsbp-d1b9d97\" class=\"gspb_heading gspb_heading-id-gsbp-d1b9d97\">Navigation og brug af hjemmesiden<\/h2>\n\n\n\n<div id=\"gspb_text-id-gsbp-77e48da\" class=\"gspb_text gspb_text-id-gsbp-77e48da\">Brugerne er eneansvarlige for besiddelse og vedligeholdelse af telefonforbindelser, computere og generelt udstyr, der er n\u00f8dvendigt for brugen af tjenesterne i mo-mo.gr.<br><br>De oplysninger eller personoplysninger, du giver os, er underlagt behandling i henhold til databeskyttelsespolitikkerne. Ved at bruge dette websted giver du dit samtykke til behandling af s\u00e5danne oplysninger og data, og du erkl\u00e6rer, at alle oplysninger og data, du giver os, er sande og n\u00f8jagtige.<br><br>- Brug kun hjemmesiden til at l\u00e6re om vores tjenester og til at stille legitime sp\u00f8rgsm\u00e5l.<br>- Stil ikke falske eller bedrageriske sp\u00f8rgsm\u00e5l. Hvis vi med rimelighed mener, at en formular er blevet udfyldt med falske eller svigagtige oplysninger, har vi ret til at informere de kompetente myndigheder.<br>- Giv os din korrekte og n\u00f8jagtige e-mailadresse, postadresse og\/eller andre kontaktoplysninger.<br>- Du accepterer ogs\u00e5, at vi kan bruge disse oplysninger til at kontakte dig, hvis det er n\u00f8dvendigt. Hvis du ikke giver os alle de oplysninger, vi har brug for, kan vi ikke kontakte dig.<\/div>\n\n\n\n<h2 id=\"gspb_heading-id-gsbp-f992823\" class=\"gspb_heading gspb_heading-id-gsbp-f992823\">Intellektuelle og industrielle ejendomsrettigheder<\/h2>\n\n\n\n<div id=\"gspb_text-id-gsbp-9e2fb32\" class=\"gspb_text gspb_text-id-gsbp-9e2fb32\">Intellektuel ejendom erhverves uden nogen formulering og uden behov for en klausul, der forbyder kr\u00e6nkelse af den. mo-mo.gr og dets indhold (som omfatter alle varem\u00e6rker, s\u00e6rpr\u00e6g, patenter, navne, tekster, billeder, grafik, tegninger, fotografier, programmer, informationsmateriale i enhver form, data, software) er virksomhedens intellektuelle og industrielle ejendom og er beskyttet af de relevante bestemmelser i gr\u00e6sk lov, f\u00e6llesskabslov og international lov.<br><br>Det skal bem\u00e6rkes, at i henhold til lov 2121\/1993 (som \u00e6ndret og i kraft i dag), den internationale Bern-konvention (ratificeret ved lov 2121\/1993), den internationale Bern-konvention (ratificeret ved lov 2121\/1993) og den internationale konvention om beskyttelse af industriel ejendomsret (ratificeret ved lov 2121\/1993). 100\/1975) og de relevante bestemmelser om beskyttelse af intellektuel ejendomsret p\u00e5 internettet, er enhver form for kopiering, \u00e6ndring, indblanding, overf\u00f8rsel, distribution, videresalg, leasing, genudgivelse, reproduktion, retransmission i elektronisk eller mekanisk form, lagring, udskrivning, oprettelse af afledte v\u00e6rker, downloading af enhver eller vildledning af offentligheden om den virkelige ejer af indholdet udtrykkeligt forbudt.<br><br>Indholdet af mo-mo.gr udg\u00f8r ikke og skal under ingen omst\u00e6ndigheder fortolkes som en tildeling af udtrykkelig eller underforst\u00e5et tilladelse eller ret til at bruge noget varem\u00e6rke, der vises p\u00e5 det, uden skriftlig tilladelse fra virksomheden eller tredjeparter, der kan eje de varem\u00e6rker, der vises p\u00e5 det. Varem\u00e6rkerne, logoerne, logoerne, de karakteristiske tr\u00e6k, der vises p\u00e5 mo-mo.gr, og afbildningerne af personer eller steder eller ting, der er en del af dets indhold, tilh\u00f8rer virksomheden eller tredjeparter. Deres brug er strengt forbudt uden forudg\u00e5ende skriftlig tilladelse fra virksomheden, medmindre andet er angivet i de g\u00e6ldende brugsbetingelser.<br><br>Produkter, tjenester, m\u00e6rkenavne, varem\u00e6rker eller karakteristiske tr\u00e6k fra tredjeparter, der vises p\u00e5 mo-mo.gr, er tredjeparters intellektuelle og industrielle ejendom, som ogs\u00e5 er ansvarlige for dem.<br><br>De oplysninger, der sendes til virksomheden via mo-mo.gr, betragtes som ikke-fortrolige oplysninger og udg\u00f8r ikke et aktiv for den p\u00e5g\u00e6ldende bruger. Virksomhedens ejendom er, s\u00e5 vidt det er muligt, alt, hvad der overf\u00f8res eller videresendes eller sendes via mo-mo.gr. Virksomheden kan indsamle begr\u00e6nsede oplysninger til sine kommercielle aktiviteter.<\/div>\n\n\n\n<h2 id=\"gspb_heading-id-gsbp-0af6544\" class=\"gspb_heading gspb_heading-id-gsbp-0af6544\">Virksomhedens ansvar<\/h2>\n\n\n\n<div id=\"gspb_text-id-gsbp-e0f2292\" class=\"gspb_text gspb_text-id-gsbp-e0f2292\">I betragtning af internettets internationaliserede karakter og dets omfang kan virksomheden eller dens ledere ikke drages til ansvar for direkte skader, f\u00f8lgeskader, tilf\u00e6ldige skader, indirekte skader eller f\u00f8lgeskader, der opst\u00e5r som f\u00f8lge af en brugers adgang til mo-mo.gr eller brugen af den, herunder tilf\u00e6lde af uagtsomhed. Brugere r\u00e5des til at bruge software til at beskytte sig mod computervirus og andre former for malware.<br><br>Virksomheden er ikke ansvarlig for skader og udgifter, der opst\u00e5r i forbindelse med brugen af mo-mo.gr eller manglende evne til at bruge den, af nogen person, eller i forbindelse med manglende evne til at udf\u00f8re, fejl, udeladelse, afbrydelse, defekt, forsinkelse i drift eller transmission eller systemlinjesvigt. I tilf\u00e6lde af, at der opst\u00e5r skade eller infektion med elektroniske vira p\u00e5 den computer eller andet elektronisk medie, der bruges af en bruger til at f\u00e5 adgang til\/bes\u00f8ge\/bruge eller downloade materiale, data, tekst, billeder, video eller lyd af dets indhold, er virksomheden ikke ansvarlig p\u00e5 nogen m\u00e5de.<br><br>De tjenester, der er tilg\u00e6ngelige via webstedet, leveres til brugerne af e-butikken \"som de er\". Virksomheden garanterer ikke, at indholdet af mo-mo.gr og kvaliteten af de leverede tjenester vil opfylde brugernes krav og forventninger. Virksomheden b\u00e6rer ikke noget ansvar for juridiske eller civile eller strafferetlige krav i forbindelse med driften eller brugen af mo-mo.gr eller for skader af nogen art, der er for\u00e5rsaget af bes\u00f8gende p\u00e5 webstedet eller af tredjeparter.<br><br>Virksomheden er ikke ansvarlig eller p\u00e5tager sig nogen form for kompensationsforpligtelse for ethvert krav relateret til indholdet af mo-mo.gr eller for enhver fejl, simpel eller bagvaskelse, forn\u00e6rmelse, udeladelse, l\u00f8gn, blasfemi, pornografi, blasfemi, fare eller un\u00f8jagtighed, der findes i dets indhold.<\/div>\n\n\n\n<h2 id=\"gspb_heading-id-gsbp-1f3399a\" class=\"gspb_heading gspb_heading-id-gsbp-1f3399a\">G\u00e6ldende lov og andre vilk\u00e5r<\/h2>\n\n\n\n<div id=\"gspb_text-id-gsbp-bd3e3ed\" class=\"gspb_text gspb_text-id-gsbp-bd3e3ed\">Disse vilk\u00e5r og betingelser og enhver \u00e6ndring heraf skal styres af og fortolkes i overensstemmelse med gr\u00e6sk lov. For enhver tvist, der opst\u00e5r som f\u00f8lge af brugen af mo-mo.gr, har de kompetente domstole i Thessaloniki jurisdiktion.<\/div>","protected":false},"excerpt":{"rendered":"","protected":false},"author":187,"featured_media":0,"parent":0,"menu_order":0,"comment_status":"closed","ping_status":"closed","template":"","meta":{"_gspb_post_css":"","footnotes":""},"class_list":["post-9451","page","type-page","status-publish","hentry"],"blocksy_meta":[],"_links":{"self":[{"href":"https:\/\/mo-mo.gr\/da\/wp-json\/wp\/v2\/pages\/9451","targetHints":{"allow":["GET"]}}],"collection":[{"href":"https:\/\/mo-mo.gr\/da\/wp-json\/wp\/v2\/pages"}],"about":[{"href":"https:\/\/mo-mo.gr\/da\/wp-json\/wp\/v2\/types\/page"}],"author":[{"embeddable":true,"href":"https:\/\/mo-mo.gr\/da\/wp-json\/wp\/v2\/users\/187"}],"replies":[{"embeddable":true,"href":"https:\/\/mo-mo.gr\/da\/wp-json\/wp\/v2\/comments?post=9451"}],"version-history":[{"count":0,"href":"https:\/\/mo-mo.gr\/da\/wp-json\/wp\/v2\/pages\/9451\/revisions"}],"wp:attachment":[{"href":"https:\/\/mo-mo.gr\/da\/wp-json\/wp\/v2\/media?parent=9451"}],"curies":[{"name":"wp","href":"https:\/\/api.w.org\/{rel}","templated":true}]}}